{"id":6785,"date":"2019-06-20T09:08:34","date_gmt":"2019-06-20T09:08:34","guid":{"rendered":"https:\/\/predire-testcenter.com\/jobba-hos-oss\/"},"modified":"2021-12-03T10:12:30","modified_gmt":"2021-12-03T10:12:30","slug":"jobba-hos-oss","status":"publish","type":"page","link":"https:\/\/predire-testcenter.com\/de\/jobba-hos-oss\/","title":{"rendered":"Arbeite mit Uns"},"content":{"rendered":"<div class=\"fusion-fullwidth fullwidth-box fusion-builder-row-1 nonhundred-percent-fullwidth non-hundred-percent-height-scrolling\" style=\"--awb-border-radius-top-left:0px;--awb-border-radius-top-right:0px;--awb-border-radius-bottom-right:0px;--awb-border-radius-bottom-left:0px;--awb-flex-wrap:wrap;\" ><div class=\"fusion-builder-row fusion-row\"><div class=\"fusion-layout-column fusion_builder_column fusion-builder-column-0 fusion_builder_column_1_1 1_1 fusion-one-full fusion-column-first fusion-column-last\" style=\"--awb-bg-size:cover;\"><div class=\"fusion-column-wrapper fusion-column-has-shadow fusion-flex-column-wrapper-legacy\"><div class=\"fusion-text fusion-text-1\"><h1 style=\"text-align: center;\">Arbeite mit Uns<\/h1>\n<p style=\"text-align: center;\">Bei einem Alleingesellschafter gef\u00fchrtem Unternehmen mit Niederlassungen in S\u00f6lvesborg, Olofstr\u00f6m, G\u00f6teborg (alle in Schweden) und Grevenbroich (Deutschland),\u00a0 bietet sich gro\u00dfes Entwicklungspotenzial f\u00fcr die richtige Person.<\/p>\n<p style=\"text-align: center;\">Wir sind ein Team von Mitarbeitern, dass seine Aufgaben mit gro\u00dfer Freiheit und Eigenverantwortung sehr ernst nimmt. Der Kunde steht bei uns immer im Mittelpunkt.<\/p>\n<\/div><div class=\"fusion-text fusion-text-2\"><h3 style=\"text-align: center;\">Interessiert?<\/h3>\n<p style=\"text-align: center;\">Sie sind die richtige Person und glauben Sie k\u00f6nnen unser Team bereichern, auch wenn wir zurzeit keinen neuen Mitarbeiter suchen? Dann z\u00f6gern sie nicht uns eine Initiativbewerbung zukommen zulassen.<\/p>\n<\/div><div class=\"caldera-grid\" id=\"caldera_form_1\" data-cf-ver=\"1.9.6\" data-cf-form-id=\"CF5d0b4cae881d9\"><div id=\"caldera_notices_1\" data-spinner=\"https:\/\/predire-testcenter.com\/wp-admin\/images\/spinner.gif\"><\/div><form data-instance=\"1\" class=\"CF5d0b4cae881d9 caldera_forms_form cfajax-trigger\" method=\"POST\" enctype=\"multipart\/form-data\" id=\"CF5d0b4cae881d9_1\" data-form-id=\"CF5d0b4cae881d9\" aria-label=\"JobbaHosOss-Tys\" data-target=\"#caldera_notices_1\" data-template=\"#cfajax_CF5d0b4cae881d9-tmpl\" data-cfajax=\"CF5d0b4cae881d9\" data-load-element=\"_parent\" data-load-class=\"cf_processing\" data-post-disable=\"0\" data-action=\"cf_process_ajax_submit\" data-request=\"https:\/\/predire-testcenter.com\/de\/\/cf-api\/CF5d0b4cae881d9\" data-hiderows=\"true\">\r\n<input type=\"hidden\" id=\"_cf_verify_CF5d0b4cae881d9\" name=\"_cf_verify\" value=\"8406a0ee57\"  data-nonce-time=\"1775606918\" \/><input type=\"hidden\" name=\"_wp_http_referer\" value=\"\/de\/wp-json\/wp\/v2\/pages\/6785\" \/><div id=\"cf2-CF5d0b4cae881d9_1\"><\/div><input type=\"hidden\" name=\"_cf_frm_id\" value=\"CF5d0b4cae881d9\">\r\n<input type=\"hidden\" name=\"_cf_frm_ct\" value=\"1\">\r\n<input type=\"hidden\" name=\"cfajax\" value=\"CF5d0b4cae881d9\">\r\n<input type=\"hidden\" name=\"_cf_cr_pst\" value=\"6785\">\r\n<div class=\"hide\" style=\"display:none; overflow:hidden;height:0;width:0;\">\r\n<label>Company<\/label><input type=\"text\" name=\"company\" value=\"\" autocomplete=\"off\">\r\n<\/div><div id=\"form_page_1_pg_1\" data-formpage=\"1\" class=\"caldera-form-page\" style=\"display:block;\" role=\"region\" aria-labelledby=\"breadcrumb_1_pg_1\" aria-hidden=\"false\"><div id=\"CF5d0b4cae881d9_1-row-1\"  class=\"row  first_row\"><div  class=\"col-sm-12  single\"><div data-field-wrapper=\"fld_288817\" class=\"form-group\" id=\"fld_288817_1-wrap\">\r\n\t<label id=\"fld_288817Label\" for=\"fld_288817_1\" class=\"control-label screen-reader-text sr-only\">Name<\/label>\r\n\t<div class=\"\">\r\n\t\t<input placeholder=\"Name\"  required type=\"text\" data-field=\"fld_288817\" class=\" form-control\" id=\"fld_288817_1\" name=\"fld_288817\" value=\"\" data-type=\"text\" aria-required=\"true\"   aria-labelledby=\"fld_288817Label\" >\t\t\t<\/div>\r\n<\/div>\r\n<div data-field-wrapper=\"fld_6829296\" class=\"form-group\" id=\"fld_6829296_1-wrap\">\r\n\t<label id=\"fld_6829296Label\" for=\"fld_6829296_1\" class=\"control-label screen-reader-text sr-only\">Postanschrift<\/label>\r\n\t<div class=\"\">\r\n\t\t<input placeholder=\"Postanschrift\"  required type=\"text\" data-field=\"fld_6829296\" class=\" form-control\" id=\"fld_6829296_1\" name=\"fld_6829296\" value=\"\" data-type=\"text\" aria-required=\"true\"   aria-labelledby=\"fld_6829296Label\" >\t\t\t<\/div>\r\n<\/div>\r\n<div data-field-wrapper=\"fld_4632430\" class=\"form-group\" id=\"fld_4632430_1-wrap\">\r\n\t<label id=\"fld_4632430Label\" for=\"fld_4632430_1\" class=\"control-label screen-reader-text sr-only\">PLZ und Stadt<\/label>\r\n\t<div class=\"\">\r\n\t\t<input placeholder=\"PLZ und Stadt\"  required type=\"text\" data-field=\"fld_4632430\" class=\" form-control\" id=\"fld_4632430_1\" name=\"fld_4632430\" value=\"\" data-type=\"text\" aria-required=\"true\"   aria-labelledby=\"fld_4632430Label\" >\t\t\t<\/div>\r\n<\/div>\r\n<div data-field-wrapper=\"fld_645468\" class=\"form-group\" id=\"fld_645468_1-wrap\">\r\n\t<label id=\"fld_645468Label\" for=\"fld_645468_1\" class=\"control-label screen-reader-text sr-only\">Tel. Nummer<\/label>\r\n\t<div class=\"\">\r\n\t\t<input placeholder=\"Tel. Nummer\"  required type=\"text\" data-field=\"fld_645468\" class=\" form-control\" id=\"fld_645468_1\" name=\"fld_645468\" value=\"\" data-type=\"text\" aria-required=\"true\"   aria-labelledby=\"fld_645468Label\" >\t\t\t<\/div>\r\n<\/div>\r\n<div data-field-wrapper=\"fld_6830845\" class=\"form-group\" id=\"fld_6830845_1-wrap\">\r\n\t<label id=\"fld_6830845Label\" for=\"fld_6830845_1\" class=\"control-label screen-reader-text sr-only\">E-mail<\/label>\r\n\t<div class=\"\">\r\n\t\t<input placeholder=\"E-mail\"  required type=\"email\" data-field=\"fld_6830845\" class=\" form-control\" id=\"fld_6830845_1\" name=\"fld_6830845\" value=\"\" data-type=\"email\" aria-required=\"true\"   aria-labelledby=\"fld_6830845Label\" >\t\t\t<\/div>\r\n<\/div>\r\n<div data-field-wrapper=\"fld_7018609\" class=\"form-group\" id=\"fld_7018609_1-wrap\">\r\n\t<label id=\"fld_7018609Label\" for=\"fld_7018609_1\" class=\"control-label\">Lebenslauf anf\u00fcgen <span aria-hidden=\"true\" role=\"presentation\" class=\"field_required\" style=\"color:#ee0000;\">*<\/span><\/label>\r\n\t<div class=\"file-prevent-overflow\">\r\n\t\t<div id=\"fld_7018609_1_file_list\" class=\"cf-multi-uploader-list\"><\/div>\n\t\t\t\t<input type=\"file\" name=\"fld_7018609\" value=\"\" data-field=\"fld_7018609\" class=\"\" id=\"fld_7018609_1\" data-controlid=\"trupl69d59c8677c51\"   required=\"required\"   aria-labelledby=\"fld_7018609Label\">\n\t\t<input type=\"hidden\" name=\"fld_7018609\" value=\"trupl69d59c8677c51\">\n\t\t\t<\/div>\r\n<\/div>\r\n<div data-field-wrapper=\"fld_6566084\" class=\"form-group\" id=\"fld_6566084_1-wrap\">\r\n\t<label id=\"fld_6566084Label\" for=\"fld_6566084_1\" class=\"control-label screen-reader-text sr-only\">Pers\u00f6nliches Anschreiben<\/label>\r\n\t<div class=\"\">\r\n\t\t<textarea name=\"fld_6566084\" value=\"\" data-field=\"fld_6566084\" class=\"form-control\" id=\"fld_6566084_1\" rows=\"4\" placeholder=\"Pers\u00f6nliches Anschreiben\"    aria-labelledby=\"fld_6566084Label\" ><\/textarea>\n\t\t\t<\/div>\r\n<\/div>\r\n<div data-field-wrapper=\"fld_3688899\" class=\"form-group\" id=\"fld_3688899_1-wrap\">\r\n<div class=\"\">\r\n\n<div class=\"checkbox-inline caldera-forms-consent-field\">\n    <input data-parsley-required=\"true\" data-parsley-group=\"fld_3688899_1\" data-parsley-multiple=\"fld_3688899_1\"        type=\"checkbox\" data-label=\"Weiterlesen\"\n        data-field=\"fld_3688899\"\n        id=\"fld_3688899_1\"\n        class=\"fld_3688899_1 option-required\"\n        name=\"fld_3688899\"\n        value=\"1\"\n        data-type=\"checkbox\"\n        data-checkbox-field=\"fld_3688899_1\"\n    >\n    <label for=\"fld_3688899_1\"\n           class=\"caldera-forms-gdpr-field-label\"\n           style=\"display:inline; margin-left: 0.5rem;\"\n    >\n                <p\n            class=\"caldera-forms-consent-field-agreement\"\n        >\n            Hiermit best\u00e4tige ich die Verarbeitung meiner Daten. Indem Sie sich \u00fcber diese Formular mit uns in Verbindung setzen, erkl\u00e4ren Sie sich damit einverstanden, dass wir Ihre personenbezogenen Daten gem\u00e4\u00df der DSGVO (Datenschutzverordnung) bearbeiten. Lesen Sie hier f\u00fcr weiter Informationen *        <\/p>\n        <a href=\"https:\/\/predire-testcenter.com\/integritetspolicy\/\"\n           target=\"_blank\"\n                title=\"Privacy Policy Page\"\n            class=\"caldera-forms-consent-field-linked_text\"\n            >\n            Weiterlesen        <\/a>\n    <\/label>\n    <span style=\"color:#ff0000;\">*<\/span>\n<\/div>\n\n<\/div>\r\n<\/div>\r\n<div data-field-wrapper=\"fld_9677091\" class=\"form-group\" id=\"fld_9677091_1-wrap\">\r\n<div class=\"\">\r\n\t<input  class=\"btn btn-default\" type=\"submit\" name=\"fld_9677091\" id=\"fld_9677091_1\" value=\"Senden\" data-field=\"fld_9677091\"  >\n<\/div>\r\n<\/div>\r\n\t<input class=\"button_trigger_1\" type=\"hidden\" name=\"fld_9677091\" id=\"fld_9677091_1_btn\" value=\"\" data-field=\"fld_9677091\"  \/>\n<\/div><\/div><div id=\"CF5d0b4cae881d9_1-row-2\"  class=\"row \"><div  class=\"col-sm-12  single\"><\/div><\/div><div id=\"CF5d0b4cae881d9_1-row-3\"  class=\"row \"><div  class=\"col-sm-12  single\"><\/div><\/div><div id=\"CF5d0b4cae881d9_1-row-4\"  class=\"row \"><div  class=\"col-sm-12  first_col\"><\/div><\/div><\/div><div id=\"form_page_1_pg_2\" data-formpage=\"2\" role=\"region\" aria-labelledby=\"breadcrumb_1_pg_2\" aria-hidden=\"true\" class=\"caldera-form-page\" style=\"display:none;\"><div id=\"CF5d0b4cae881d9_1-row-5\"  class=\"row \"><div  class=\"col-sm-12  single\"><div class=\"\"><h2>Information Summary<\/h2>\n<\/div><div data-field-wrapper=\"fld_3540500\" class=\"form-group\" id=\"fld_3540500_1-wrap\">\r\n\t<div class=\"\">\r\n\t<div style=\"text-align:center;\" class=\"live-gravatar\">\n\t\t<span style=\"overflow: hidden;border-radius:3px; border:3px solid #efefef;display: inline-block;\">\n\t\t\t<span style=\"border-radius:3px;width:100px;height:100px;display:inline-block;\" id=\"fld_3540500_1_gravatar\"><img alt='Gravatar Image' src='https:\/\/secure.gravatar.com\/avatar\/?s=100&#038;d=mm&#038;r=g' srcset='https:\/\/secure.gravatar.com\/avatar\/?s=200&#038;d=mm&#038;r=g 2x' class='avatar avatar-100 photo avatar-default' height='100' width='100' \/><\/span>\n\t\t<\/span>\n\t<\/div>\n\t<\/div>\r\n<\/div>\r\n<script type=\"text\/html\" id=\"html-content-fld_8862269_1-tmpl\"><ul ><li><span class=\"caldera-forms-summary-label\">Name<\/span> <span class=\"caldera-forms-summary-value\">{{fld_288817}}<\/span><\/li><li><span class=\"caldera-forms-summary-label\">Postanschrift<\/span> <span class=\"caldera-forms-summary-value\">{{fld_6829296}}<\/span><\/li><li><span class=\"caldera-forms-summary-label\">PLZ und Stadt<\/span> <span class=\"caldera-forms-summary-value\">{{fld_4632430}}<\/span><\/li><li><span class=\"caldera-forms-summary-label\">Tel. Nummer<\/span> <span class=\"caldera-forms-summary-value\">{{fld_645468}}<\/span><\/li><li><span class=\"caldera-forms-summary-label\">E-mail<\/span> <span class=\"caldera-forms-summary-value\">{{fld_6830845}}<\/span><\/li><li><span class=\"caldera-forms-summary-label\">Lebenslauf anf\u00fcgen<\/span> <span class=\"caldera-forms-summary-value\">{{fld_7018609}}<\/span><\/li><li><span class=\"caldera-forms-summary-label\">Pers\u00f6nliches Anschreiben<\/span> <span class=\"caldera-forms-summary-value\">{{fld_6566084}}<\/span><\/li><li><span class=\"caldera-forms-summary-label\">Weiterlesen<\/span> <span class=\"caldera-forms-summary-value\">{{fld_3688899}}<\/span><\/li><li><span class=\"caldera-forms-summary-label\">Profil<\/span> <span class=\"caldera-forms-summary-value\">{{fld_3540500}}<\/span><\/li><\/ul><\/script><div data-field=\"fld_8862269\" class=\" caldera-forms-summary-field\" id=\"html-content-fld_8862269_1\" name=\"fld_8862269\" value=\"\" data-type=\"summary\" ><\/div><\/div><\/div><div id=\"CF5d0b4cae881d9_1-row-6\"  class=\"row  last_row\"><div  class=\"col-sm-6  first_col\"><div data-field-wrapper=\"fld_3202325\" class=\"form-group\" id=\"fld_3202325_1-wrap\">\r\n<div class=\"\">\r\n\t<input  class=\"btn btn-default cf-page-btn cf-page-btn-prev\" type=\"button\" name=\"fld_3202325\" id=\"fld_3202325_1\" value=\"\u00c4ndra information\" data-field=\"fld_3202325\" data-page=\"prev\"  >\n<\/div>\r\n<\/div>\r\n\t<input class=\"button_trigger_1\" type=\"hidden\" name=\"fld_3202325\" id=\"fld_3202325_1_btn\" value=\"\" data-field=\"fld_3202325\"  \/>\n<\/div><div  class=\"col-sm-6 \"><div data-field-wrapper=\"fld_8728190\" class=\"form-group\" id=\"fld_8728190_1-wrap\">\r\n<div class=\"\">\r\n\t<input  class=\"btn btn-default\" type=\"submit\" name=\"fld_8728190\" id=\"fld_8728190_1\" value=\"Skicka\" data-field=\"fld_8728190\"  >\n<\/div>\r\n<\/div>\r\n\t<input class=\"button_trigger_1\" type=\"hidden\" name=\"fld_8728190\" id=\"fld_8728190_1_btn\" value=\"\" data-field=\"fld_8728190\"  \/>\n<\/div><\/div><\/div><\/form>\r\n<\/div>\r\n<div class=\"fusion-clearfix\"><\/div><\/div><\/div><\/div><\/div>\n","protected":false},"excerpt":{"rendered":"","protected":false},"author":1,"featured_media":0,"parent":0,"menu_order":0,"comment_status":"closed","ping_status":"closed","template":"","meta":{"footnotes":""},"class_list":["post-6785","page","type-page","status-publish","hentry"],"yoast_head":"<!-- This site is optimized with the Yoast SEO plugin v26.4 - https:\/\/yoast.com\/wordpress\/plugins\/seo\/ -->\n<title>Arbeite mit Uns - Predire Testcenter AB - Predire AB<\/title>\n<meta name=\"robots\" content=\"index, follow, max-snippet:-1, max-image-preview:large, max-video-preview:-1\" \/>\n<link rel=\"canonical\" href=\"https:\/\/predire-testcenter.com\/de\/jobba-hos-oss\/\" \/>\n<meta property=\"og:locale\" content=\"de_DE\" \/>\n<meta property=\"og:type\" content=\"article\" \/>\n<meta property=\"og:title\" content=\"Arbeite mit Uns - Predire Testcenter AB - Predire AB\" \/>\n<meta property=\"og:url\" content=\"https:\/\/predire-testcenter.com\/de\/jobba-hos-oss\/\" \/>\n<meta property=\"og:site_name\" content=\"Predire Testcenter AB - Predire AB\" \/>\n<meta property=\"article:modified_time\" content=\"2021-12-03T10:12:30+00:00\" \/>\n<meta name=\"twitter:card\" content=\"summary_large_image\" \/>\n<meta name=\"twitter:label1\" content=\"Gesch\u00e4tzte Lesezeit\" \/>\n\t<meta name=\"twitter:data1\" content=\"2\u00a0Minuten\" \/>\n<script type=\"application\/ld+json\" class=\"yoast-schema-graph\">{\"@context\":\"https:\/\/schema.org\",\"@graph\":[{\"@type\":\"WebPage\",\"@id\":\"https:\/\/predire-testcenter.com\/de\/jobba-hos-oss\/\",\"url\":\"https:\/\/predire-testcenter.com\/de\/jobba-hos-oss\/\",\"name\":\"Arbeite mit Uns - Predire Testcenter AB - Predire AB\",\"isPartOf\":{\"@id\":\"https:\/\/predire-testcenter.com\/#website\"},\"datePublished\":\"2019-06-20T09:08:34+00:00\",\"dateModified\":\"2021-12-03T10:12:30+00:00\",\"breadcrumb\":{\"@id\":\"https:\/\/predire-testcenter.com\/de\/jobba-hos-oss\/#breadcrumb\"},\"inLanguage\":\"de\",\"potentialAction\":[{\"@type\":\"ReadAction\",\"target\":[\"https:\/\/predire-testcenter.com\/de\/jobba-hos-oss\/\"]}]},{\"@type\":\"BreadcrumbList\",\"@id\":\"https:\/\/predire-testcenter.com\/de\/jobba-hos-oss\/#breadcrumb\",\"itemListElement\":[{\"@type\":\"ListItem\",\"position\":1,\"name\":\"Hem\",\"item\":\"https:\/\/predire-testcenter.com\/de\/\"},{\"@type\":\"ListItem\",\"position\":2,\"name\":\"Arbeite mit Uns\"}]},{\"@type\":\"WebSite\",\"@id\":\"https:\/\/predire-testcenter.com\/#website\",\"url\":\"https:\/\/predire-testcenter.com\/\",\"name\":\"Predire Testcenter AB - Predire AB\",\"description\":\"We are an International, Independent and Accredited Test Institute with wide Technical Know-How and Experience within Quality Assurance, Simulations &amp; Testing.\",\"potentialAction\":[{\"@type\":\"SearchAction\",\"target\":{\"@type\":\"EntryPoint\",\"urlTemplate\":\"https:\/\/predire-testcenter.com\/?s={search_term_string}\"},\"query-input\":{\"@type\":\"PropertyValueSpecification\",\"valueRequired\":true,\"valueName\":\"search_term_string\"}}],\"inLanguage\":\"de\"}]}<\/script>\n<!-- \/ Yoast SEO plugin. -->","yoast_head_json":{"title":"Arbeite mit Uns - Predire Testcenter AB - Predire AB","robots":{"index":"index","follow":"follow","max-snippet":"max-snippet:-1","max-image-preview":"max-image-preview:large","max-video-preview":"max-video-preview:-1"},"canonical":"https:\/\/predire-testcenter.com\/de\/jobba-hos-oss\/","og_locale":"de_DE","og_type":"article","og_title":"Arbeite mit Uns - Predire Testcenter AB - Predire AB","og_url":"https:\/\/predire-testcenter.com\/de\/jobba-hos-oss\/","og_site_name":"Predire Testcenter AB - Predire AB","article_modified_time":"2021-12-03T10:12:30+00:00","twitter_card":"summary_large_image","twitter_misc":{"Gesch\u00e4tzte Lesezeit":"2\u00a0Minuten"},"schema":{"@context":"https:\/\/schema.org","@graph":[{"@type":"WebPage","@id":"https:\/\/predire-testcenter.com\/de\/jobba-hos-oss\/","url":"https:\/\/predire-testcenter.com\/de\/jobba-hos-oss\/","name":"Arbeite mit Uns - Predire Testcenter AB - Predire AB","isPartOf":{"@id":"https:\/\/predire-testcenter.com\/#website"},"datePublished":"2019-06-20T09:08:34+00:00","dateModified":"2021-12-03T10:12:30+00:00","breadcrumb":{"@id":"https:\/\/predire-testcenter.com\/de\/jobba-hos-oss\/#breadcrumb"},"inLanguage":"de","potentialAction":[{"@type":"ReadAction","target":["https:\/\/predire-testcenter.com\/de\/jobba-hos-oss\/"]}]},{"@type":"BreadcrumbList","@id":"https:\/\/predire-testcenter.com\/de\/jobba-hos-oss\/#breadcrumb","itemListElement":[{"@type":"ListItem","position":1,"name":"Hem","item":"https:\/\/predire-testcenter.com\/de\/"},{"@type":"ListItem","position":2,"name":"Arbeite mit Uns"}]},{"@type":"WebSite","@id":"https:\/\/predire-testcenter.com\/#website","url":"https:\/\/predire-testcenter.com\/","name":"Predire Testcenter AB - Predire AB","description":"We are an International, Independent and Accredited Test Institute with wide Technical Know-How and Experience within Quality Assurance, Simulations &amp; Testing.","potentialAction":[{"@type":"SearchAction","target":{"@type":"EntryPoint","urlTemplate":"https:\/\/predire-testcenter.com\/?s={search_term_string}"},"query-input":{"@type":"PropertyValueSpecification","valueRequired":true,"valueName":"search_term_string"}}],"inLanguage":"de"}]}},"_links":{"self":[{"href":"https:\/\/predire-testcenter.com\/de\/wp-json\/wp\/v2\/pages\/6785","targetHints":{"allow":["GET"]}}],"collection":[{"href":"https:\/\/predire-testcenter.com\/de\/wp-json\/wp\/v2\/pages"}],"about":[{"href":"https:\/\/predire-testcenter.com\/de\/wp-json\/wp\/v2\/types\/page"}],"author":[{"embeddable":true,"href":"https:\/\/predire-testcenter.com\/de\/wp-json\/wp\/v2\/users\/1"}],"replies":[{"embeddable":true,"href":"https:\/\/predire-testcenter.com\/de\/wp-json\/wp\/v2\/comments?post=6785"}],"version-history":[{"count":4,"href":"https:\/\/predire-testcenter.com\/de\/wp-json\/wp\/v2\/pages\/6785\/revisions"}],"predecessor-version":[{"id":7106,"href":"https:\/\/predire-testcenter.com\/de\/wp-json\/wp\/v2\/pages\/6785\/revisions\/7106"}],"wp:attachment":[{"href":"https:\/\/predire-testcenter.com\/de\/wp-json\/wp\/v2\/media?parent=6785"}],"curies":[{"name":"wp","href":"https:\/\/api.w.org\/{rel}","templated":true}]}}