{"id":6271,"date":"2018-09-30T15:12:30","date_gmt":"2018-09-30T15:12:30","guid":{"rendered":"http:\/\/predire-testcenter.com\/warum-predire\/"},"modified":"2021-06-09T11:03:58","modified_gmt":"2021-06-09T11:03:58","slug":"warum-predire","status":"publish","type":"page","link":"https:\/\/predire-testcenter.com\/de\/warum-predire\/","title":{"rendered":"Why Predire"},"content":{"rendered":"<p><div class=\"fusion-fullwidth fullwidth-box fusion-builder-row-1 hundred-percent-fullwidth non-hundred-percent-height-scrolling\" style=\"--awb-border-radius-top-left:0px;--awb-border-radius-top-right:0px;--awb-border-radius-bottom-right:0px;--awb-border-radius-bottom-left:0px;--awb-padding-right:0px;--awb-padding-left:0px;--awb-margin-top:-50px;--awb-flex-wrap:wrap;\" ><div class=\"fusion-builder-row fusion-row\"><div class=\"fusion-layout-column fusion_builder_column fusion-builder-column-0 fusion_builder_column_1_1 1_1 fusion-one-full fusion-column-first fusion-column-last\" style=\"--awb-bg-size:cover;\"><div class=\"fusion-column-wrapper fusion-flex-column-wrapper-legacy\">\t\t\t\t\t<div class=\"fusion-slider-container fusion-slider-sc-why-predire-de fusion-slider-75 full-width-slider\" style=\"height:400px; max-width:100%;\" data-id=\"75\" data-full_height=\"\">\n\t\t\t\t\t\t<style type=\"text\/css\">.fusion-slider-75 .flex-direction-nav a {width:63px;height:63px;line-height:63px;font-size:25px;}<\/style>\t\t\t\t\t\t<div class=\"fusion-slider-loading\">Loading...<\/div>\n\t\t\t\t\t\t<div class=\"tfs-slider flexslider main-flex full-width-slider\" data-slider_width=\"100%\" data-slider_height=\"400px\" data-full_screen=\"0\" data-parallax=\"0\" data-nav_arrows=\"1\" data-nav_box_width=\"63px\" data-nav_box_height=\"63px\" data-nav_arrow_size=\"25px\" data-autoplay=\"1\" data-loop=\"0\" data-orderby=\"date\" data-order=\"DESC\" data-animation=\"fade\" data-slideshow_speed=\"4000\" data-animation_speed=\"600\" data-typo_sensitivity=\"1\" data-typo_factor=\"1.5\" style=\"max-width:100%;\">\n\t\t\t\t\t\t\t<ul class=\"slides\">\n\t\t\t\t\t\t\t\t\t\t\t\t\t\t\t\t\t<li data-mute=\"yes\" data-loop=\"yes\" data-autoplay=\"yes\">\n\t\t\t\t\t\t\t\t\t\t<div class=\"slide-content-container slide-content-left\" style=\"display: none;\">\n\t\t\t\t\t\t\t\t\t\t\t<div class=\"slide-content\" style=\"\">\n\t\t\t\t\t\t\t\t\t\t\t\t\t\t\t\t\t\t\t\t\t\t\t\t\t\t\t\t\t\t\t\t\t\t\t\t\t\t\t\t\t\t\t\t\t\t\t\t\t<div class=\"buttons\" >\n\t\t\t\t\t\t\t\t\t\t\t\t\t\t\t\t\t\t\t\t\t\t\t\t\t\t\t\t\t\t\t\t\t\t\t\t\t\t\t\t\t<\/div>\n\t\t\t\t\t\t\t\t\t\t\t\t\t\t\t\t\t\t\t\t\t\t\t<\/div>\n\t\t\t\t\t\t\t\t\t\t<\/div>\n\t\t\t\t\t\t\t\t\t\t\t\t\t\t\t\t\t\t\t\t\t\t\t\t\t\t\t\t\t\t\t\t\t\t\t\t\t\t\t\t<div class=\"background background-image\" style=\"background-image: url(https:\/\/predire-testcenter.com\/wp-content\/uploads\/2018\/09\/skylt.jpg);max-width:100%;height:400px;filter: progid:DXImageTransform.Microsoft.AlphaImageLoader(src='https:\/\/predire-testcenter.com\/wp-content\/uploads\/2018\/09\/skylt.jpg', sizingMethod='scale');\" data-imgwidth=\"1920\">\n\t\t\t\t\t\t\t\t\t\t\t\t\t\t\t\t\t\t\t\t\t\t\t\t\t\t\t\t\t\t\t\t\t\t\t\t\t\t\t\t\t\t\t\t\t\t\t\t\t\t\t\t\t\t\t\t\t\t\t\t\t\t\t\t\t\t<\/div>\n\t\t\t\t\t\t\t\t\t<\/li>\n\t\t\t\t\t\t\t\t\t\t\t\t\t\t\t\t\t\t\t\t\t\t\t<\/ul>\n\t\t\t\t\t\t<\/div>\n\t\t\t\t\t<\/div>\n\t\t\t\t\t\t\t\t<div class=\"fusion-clearfix\"><\/div><\/div><\/div><\/div><\/div><div class=\"fusion-fullwidth fullwidth-box fusion-builder-row-2 nonhundred-percent-fullwidth non-hundred-percent-height-scrolling\" style=\"--awb-border-radius-top-left:0px;--awb-border-radius-top-right:0px;--awb-border-radius-bottom-right:0px;--awb-border-radius-bottom-left:0px;--awb-margin-top:50px;--awb-margin-bottom:50px;--awb-flex-wrap:wrap;\" ><div class=\"fusion-builder-row fusion-row\"><div class=\"fusion-layout-column fusion_builder_column fusion-builder-column-1 fusion_builder_column_1_1 1_1 fusion-one-full fusion-column-first fusion-column-last\" style=\"--awb-bg-size:cover;\"><div class=\"fusion-column-wrapper fusion-flex-column-wrapper-legacy\"><div class=\"fusion-text fusion-text-1\"><h3 style=\"text-align: center;\">Warum Predire?<\/h3>\n<p style=\"text-align: center;\">Predire ist ein kleines Testinstitut mit viel Erfahrung. Wir haben verantwortungsvolle Mitarbeiter, sind flexibel, kosteneffizient und innovativ. In unseren Testzentren bieten wir eine breite Palette von Tests, Simulationen, Probenahmen und Analysen an. Wir k\u00f6nnen schnelle Entscheidungen treffen, wenn eine Investition erforderlich ist, um einen Test zu erm\u00f6glichen.<\/p>\n<\/div><div class=\"fusion-sep-clear\"><\/div><div class=\"fusion-separator\" style=\"margin-left: auto;margin-right: auto;margin-top:30px;margin-bottom:30px;width:100%;max-width:100px;\"><div class=\"fusion-separator-border sep-single sep-solid\" style=\"--awb-height:20px;--awb-amount:20px;--awb-sep-color:#152e51;border-color:#152e51;border-top-width:1px;\"><\/div><\/div><div class=\"fusion-sep-clear\"><\/div><div class=\"fusion-text fusion-text-2\"><h3 style=\"text-align: center;\">\u00dcber uns<\/h3>\n<p style=\"text-align: center;\">Predire Testcenter AB ist ein unabh\u00e4ngiges Pr\u00fcfinstitut, das auf Gesch\u00e4ftsbereiche wie Fahrzeugbau, Luftfahrt, Energie, Elektronik und Medizintechnik ausgerichtet ist. Das Testcenter wurde 1995 gegr\u00fcndet und 2002 er\u00f6ffnete Predire sein erstes internationales Labor in Deutschland. Drei Jahre sp\u00e4ter wurde der schwedische Gesch\u00e4ftsbetrieb von Sv\u00e4ngsta nach S\u00f6lvesborg verlagert, wo heute noch die Hauptanlage liegt. Im Laufe der Jahre wurden neue Testzentren im chinesischen Shanghai und im schwedischen G\u00f6teborg und Olofstr\u00f6m er\u00f6ffnet. Heute ist Predire ein akkreditiertes Testcenter in S\u00f6lvesborg und Deutschland.<\/p>\n<\/div><div class=\"fusion-clearfix\"><\/div><\/div><\/div><\/div><\/div><div class=\"fusion-fullwidth fullwidth-box fusion-builder-row-3 nonhundred-percent-fullwidth non-hundred-percent-height-scrolling\" style=\"--awb-border-radius-top-left:0px;--awb-border-radius-top-right:0px;--awb-border-radius-bottom-right:0px;--awb-border-radius-bottom-left:0px;--awb-padding-top:30px;--awb-padding-bottom:0px;--awb-background-color:#c1d4ec;--awb-flex-wrap:wrap;\" ><div class=\"fusion-builder-row fusion-row\"><div class=\"fusion-layout-column fusion_builder_column fusion-builder-column-2 fusion_builder_column_2_3 2_3 fusion-two-third fusion-column-first\" style=\"--awb-bg-size:cover;--awb-margin-bottom:0px;width:66.666666666667%;width:calc(66.666666666667% - ( ( 4% ) * 0.66666666666667 ) );margin-right: 4%;\"><div class=\"fusion-column-wrapper fusion-flex-column-wrapper-legacy\"><div class=\"fusion-column-content-centered\"><div class=\"fusion-column-content\"><div class=\"fusion-text fusion-text-3\"><h3>Predire \u2013 we test to stretch the limits.<\/h3>\n<\/div><\/div><\/div><div class=\"fusion-clearfix\"><\/div><\/div><\/div><div class=\"fusion-layout-column fusion_builder_column fusion-builder-column-3 fusion_builder_column_1_3 1_3 fusion-one-third fusion-column-last\" style=\"--awb-bg-size:cover;--awb-margin-bottom:0px;width:33.333333333333%;width:calc(33.333333333333% - ( ( 4% ) * 0.33333333333333 ) );\"><div class=\"fusion-column-wrapper fusion-flex-column-wrapper-legacy\"><div class=\"fusion-aligncenter\"><a class=\"fusion-button button-flat fusion-button-default-size button-default fusion-button-default button-1 fusion-button-default-span fusion-button-default-type fusion-animated\" data-animationType=\"slideInUp\" data-animationDuration=\"0.8\" data-animationOffset=\"top-into-view\" target=\"_self\" href=\"https:\/\/predire-testcenter.com\/de\/kontakt\/\"><span class=\"fusion-button-text awb-button__text awb-button__text--default\">NEHMEN SIE NOCH HEUTE MIT UNS KONTAKT AUF<\/span><\/a><\/div><div class=\"fusion-clearfix\"><\/div><\/div><\/div><\/div><\/div><div class=\"fusion-fullwidth fullwidth-box fusion-builder-row-4 nonhundred-percent-fullwidth non-hundred-percent-height-scrolling\" style=\"--awb-border-radius-top-left:0px;--awb-border-radius-top-right:0px;--awb-border-radius-bottom-right:0px;--awb-border-radius-bottom-left:0px;--awb-flex-wrap:wrap;\" ><div class=\"fusion-builder-row fusion-row\"><div class=\"fusion-layout-column fusion_builder_column fusion-builder-column-4 fusion_builder_column_1_1 1_1 fusion-one-full fusion-column-first fusion-column-last\" style=\"--awb-bg-size:cover;\"><div class=\"fusion-column-wrapper fusion-flex-column-wrapper-legacy\"><div class=\"fusion-text fusion-text-4\"><p><img decoding=\"async\" class=\"alignnone wp-image-7088 size-medium\" src=\"https:\/\/predire-testcenter.com\/wp-content\/uploads\/2021\/06\/D-PL-11049-01-00_DAkkS_Symbol_RGB_1.1-300x166.jpg\" alt=\"\" width=\"300\" height=\"166\" \/><\/p>\n<\/div><div class=\"fusion-clearfix\"><\/div><\/div><\/div><\/div><\/div><\/p>\n","protected":false},"excerpt":{"rendered":"","protected":false},"author":1,"featured_media":0,"parent":0,"menu_order":0,"comment_status":"closed","ping_status":"closed","template":"100-width.php","meta":{"footnotes":""},"class_list":["post-6271","page","type-page","status-publish","hentry"],"yoast_head":"<!-- This site is optimized with the Yoast SEO plugin v26.4 - https:\/\/yoast.com\/wordpress\/plugins\/seo\/ -->\n<title>Why Predire - Predire Testcenter AB - Predire AB<\/title>\n<meta name=\"robots\" content=\"index, follow, max-snippet:-1, max-image-preview:large, max-video-preview:-1\" \/>\n<link rel=\"canonical\" href=\"https:\/\/predire-testcenter.com\/de\/warum-predire\/\" \/>\n<meta property=\"og:locale\" content=\"de_DE\" \/>\n<meta property=\"og:type\" content=\"article\" \/>\n<meta property=\"og:title\" content=\"Why Predire - Predire Testcenter AB - Predire AB\" \/>\n<meta property=\"og:url\" content=\"https:\/\/predire-testcenter.com\/de\/warum-predire\/\" \/>\n<meta property=\"og:site_name\" content=\"Predire Testcenter AB - Predire AB\" \/>\n<meta property=\"article:modified_time\" content=\"2021-06-09T11:03:58+00:00\" \/>\n<meta property=\"og:image\" content=\"https:\/\/predire-testcenter.com\/wp-content\/uploads\/2021\/06\/D-PL-11049-01-00_DAkkS_Symbol_RGB_1.1-300x166.jpg\" \/>\n<meta name=\"twitter:card\" content=\"summary_large_image\" \/>\n<meta name=\"twitter:label1\" content=\"Gesch\u00e4tzte Lesezeit\" \/>\n\t<meta name=\"twitter:data1\" content=\"6\u00a0Minuten\" \/>\n<script type=\"application\/ld+json\" class=\"yoast-schema-graph\">{\"@context\":\"https:\/\/schema.org\",\"@graph\":[{\"@type\":\"WebPage\",\"@id\":\"https:\/\/predire-testcenter.com\/de\/warum-predire\/\",\"url\":\"https:\/\/predire-testcenter.com\/de\/warum-predire\/\",\"name\":\"Why Predire - Predire Testcenter AB - Predire AB\",\"isPartOf\":{\"@id\":\"https:\/\/predire-testcenter.com\/#website\"},\"primaryImageOfPage\":{\"@id\":\"https:\/\/predire-testcenter.com\/de\/warum-predire\/#primaryimage\"},\"image\":{\"@id\":\"https:\/\/predire-testcenter.com\/de\/warum-predire\/#primaryimage\"},\"thumbnailUrl\":\"https:\/\/predire-testcenter.com\/wp-content\/uploads\/2021\/06\/D-PL-11049-01-00_DAkkS_Symbol_RGB_1.1-300x166.jpg\",\"datePublished\":\"2018-09-30T15:12:30+00:00\",\"dateModified\":\"2021-06-09T11:03:58+00:00\",\"breadcrumb\":{\"@id\":\"https:\/\/predire-testcenter.com\/de\/warum-predire\/#breadcrumb\"},\"inLanguage\":\"de\",\"potentialAction\":[{\"@type\":\"ReadAction\",\"target\":[\"https:\/\/predire-testcenter.com\/de\/warum-predire\/\"]}]},{\"@type\":\"ImageObject\",\"inLanguage\":\"de\",\"@id\":\"https:\/\/predire-testcenter.com\/de\/warum-predire\/#primaryimage\",\"url\":\"https:\/\/predire-testcenter.com\/wp-content\/uploads\/2021\/06\/D-PL-11049-01-00_DAkkS_Symbol_RGB_1.1-300x166.jpg\",\"contentUrl\":\"https:\/\/predire-testcenter.com\/wp-content\/uploads\/2021\/06\/D-PL-11049-01-00_DAkkS_Symbol_RGB_1.1-300x166.jpg\"},{\"@type\":\"BreadcrumbList\",\"@id\":\"https:\/\/predire-testcenter.com\/de\/warum-predire\/#breadcrumb\",\"itemListElement\":[{\"@type\":\"ListItem\",\"position\":1,\"name\":\"Hem\",\"item\":\"https:\/\/predire-testcenter.com\/de\/\"},{\"@type\":\"ListItem\",\"position\":2,\"name\":\"Why Predire\"}]},{\"@type\":\"WebSite\",\"@id\":\"https:\/\/predire-testcenter.com\/#website\",\"url\":\"https:\/\/predire-testcenter.com\/\",\"name\":\"Predire Testcenter AB - Predire AB\",\"description\":\"We are an International, Independent and Accredited Test Institute with wide Technical Know-How and Experience within Quality Assurance, Simulations &amp; Testing.\",\"potentialAction\":[{\"@type\":\"SearchAction\",\"target\":{\"@type\":\"EntryPoint\",\"urlTemplate\":\"https:\/\/predire-testcenter.com\/?s={search_term_string}\"},\"query-input\":{\"@type\":\"PropertyValueSpecification\",\"valueRequired\":true,\"valueName\":\"search_term_string\"}}],\"inLanguage\":\"de\"}]}<\/script>\n<!-- \/ Yoast SEO plugin. -->","yoast_head_json":{"title":"Why Predire - Predire Testcenter AB - Predire AB","robots":{"index":"index","follow":"follow","max-snippet":"max-snippet:-1","max-image-preview":"max-image-preview:large","max-video-preview":"max-video-preview:-1"},"canonical":"https:\/\/predire-testcenter.com\/de\/warum-predire\/","og_locale":"de_DE","og_type":"article","og_title":"Why Predire - Predire Testcenter AB - Predire AB","og_url":"https:\/\/predire-testcenter.com\/de\/warum-predire\/","og_site_name":"Predire Testcenter AB - Predire AB","article_modified_time":"2021-06-09T11:03:58+00:00","og_image":[{"url":"https:\/\/predire-testcenter.com\/wp-content\/uploads\/2021\/06\/D-PL-11049-01-00_DAkkS_Symbol_RGB_1.1-300x166.jpg","type":"","width":"","height":""}],"twitter_card":"summary_large_image","twitter_misc":{"Gesch\u00e4tzte Lesezeit":"6\u00a0Minuten"},"schema":{"@context":"https:\/\/schema.org","@graph":[{"@type":"WebPage","@id":"https:\/\/predire-testcenter.com\/de\/warum-predire\/","url":"https:\/\/predire-testcenter.com\/de\/warum-predire\/","name":"Why Predire - Predire Testcenter AB - Predire AB","isPartOf":{"@id":"https:\/\/predire-testcenter.com\/#website"},"primaryImageOfPage":{"@id":"https:\/\/predire-testcenter.com\/de\/warum-predire\/#primaryimage"},"image":{"@id":"https:\/\/predire-testcenter.com\/de\/warum-predire\/#primaryimage"},"thumbnailUrl":"https:\/\/predire-testcenter.com\/wp-content\/uploads\/2021\/06\/D-PL-11049-01-00_DAkkS_Symbol_RGB_1.1-300x166.jpg","datePublished":"2018-09-30T15:12:30+00:00","dateModified":"2021-06-09T11:03:58+00:00","breadcrumb":{"@id":"https:\/\/predire-testcenter.com\/de\/warum-predire\/#breadcrumb"},"inLanguage":"de","potentialAction":[{"@type":"ReadAction","target":["https:\/\/predire-testcenter.com\/de\/warum-predire\/"]}]},{"@type":"ImageObject","inLanguage":"de","@id":"https:\/\/predire-testcenter.com\/de\/warum-predire\/#primaryimage","url":"https:\/\/predire-testcenter.com\/wp-content\/uploads\/2021\/06\/D-PL-11049-01-00_DAkkS_Symbol_RGB_1.1-300x166.jpg","contentUrl":"https:\/\/predire-testcenter.com\/wp-content\/uploads\/2021\/06\/D-PL-11049-01-00_DAkkS_Symbol_RGB_1.1-300x166.jpg"},{"@type":"BreadcrumbList","@id":"https:\/\/predire-testcenter.com\/de\/warum-predire\/#breadcrumb","itemListElement":[{"@type":"ListItem","position":1,"name":"Hem","item":"https:\/\/predire-testcenter.com\/de\/"},{"@type":"ListItem","position":2,"name":"Why Predire"}]},{"@type":"WebSite","@id":"https:\/\/predire-testcenter.com\/#website","url":"https:\/\/predire-testcenter.com\/","name":"Predire Testcenter AB - Predire AB","description":"We are an International, Independent and Accredited Test Institute with wide Technical Know-How and Experience within Quality Assurance, Simulations &amp; Testing.","potentialAction":[{"@type":"SearchAction","target":{"@type":"EntryPoint","urlTemplate":"https:\/\/predire-testcenter.com\/?s={search_term_string}"},"query-input":{"@type":"PropertyValueSpecification","valueRequired":true,"valueName":"search_term_string"}}],"inLanguage":"de"}]}},"_links":{"self":[{"href":"https:\/\/predire-testcenter.com\/de\/wp-json\/wp\/v2\/pages\/6271","targetHints":{"allow":["GET"]}}],"collection":[{"href":"https:\/\/predire-testcenter.com\/de\/wp-json\/wp\/v2\/pages"}],"about":[{"href":"https:\/\/predire-testcenter.com\/de\/wp-json\/wp\/v2\/types\/page"}],"author":[{"embeddable":true,"href":"https:\/\/predire-testcenter.com\/de\/wp-json\/wp\/v2\/users\/1"}],"replies":[{"embeddable":true,"href":"https:\/\/predire-testcenter.com\/de\/wp-json\/wp\/v2\/comments?post=6271"}],"version-history":[{"count":19,"href":"https:\/\/predire-testcenter.com\/de\/wp-json\/wp\/v2\/pages\/6271\/revisions"}],"predecessor-version":[{"id":7092,"href":"https:\/\/predire-testcenter.com\/de\/wp-json\/wp\/v2\/pages\/6271\/revisions\/7092"}],"wp:attachment":[{"href":"https:\/\/predire-testcenter.com\/de\/wp-json\/wp\/v2\/media?parent=6271"}],"curies":[{"name":"wp","href":"https:\/\/api.w.org\/{rel}","templated":true}]}}