{"id":6268,"date":"2018-09-30T15:09:41","date_gmt":"2018-09-30T15:09:41","guid":{"rendered":"http:\/\/predire-testcenter.com\/kundenspezifische-prufungen\/"},"modified":"2019-07-01T13:55:58","modified_gmt":"2019-07-01T13:55:58","slug":"kundenspezifische-prufungen","status":"publish","type":"page","link":"https:\/\/predire-testcenter.com\/de\/kundenspezifische-prufungen\/","title":{"rendered":"Kundenspezifische pr\u00fcfungen"},"content":{"rendered":"<p><div class=\"fusion-bg-parallax\" data-bg-align=\"center center\" data-direction=\"up\" data-mute=\"false\" data-opacity=\"100\" data-velocity=\"-0.3\" data-mobile-enabled=\"false\" data-break_parents=\"0\" data-bg-image=\"https:\/\/predire-testcenter.com\/wp-content\/uploads\/2018\/08\/headerbild-kundanpassade.jpg\" data-bg-repeat=\"false\" ><\/div><div class=\"fusion-fullwidth fullwidth-box fusion-builder-row-1 fusion-parallax-up nonhundred-percent-fullwidth non-hundred-percent-height-scrolling\" style=\"--awb-border-radius-top-left:0px;--awb-border-radius-top-right:0px;--awb-border-radius-bottom-right:0px;--awb-border-radius-bottom-left:0px;--awb-padding-top:100px;--awb-padding-bottom:50px;--awb-margin-top:-50px;--awb-background-image:url(&quot;https:\/\/predire-testcenter.com\/wp-content\/uploads\/2018\/08\/headerbild-kundanpassade.jpg&quot;);--awb-background-size:cover;--awb-flex-wrap:wrap;\" ><div class=\"fusion-builder-row fusion-row\"><div class=\"fusion-layout-column fusion_builder_column fusion-builder-column-0 fusion_builder_column_1_1 1_1 fusion-one-full fusion-column-first fusion-column-last\" style=\"--awb-bg-size:cover;\"><div class=\"fusion-column-wrapper fusion-flex-column-wrapper-legacy\"><div class=\"fusion-text fusion-text-1\"><h1 style=\"text-align: center;\"><b><span lang=\"DE\">Kundenspezifische pr\u00fcfungen<\/span><\/b><\/h1>\n<\/div><div class=\"fusion-aligncenter\"><a class=\"fusion-button button-flat fusion-button-default-size button-default fusion-button-default button-1 fusion-button-default-span fusion-button-default-type fusion-animated\" data-animationType=\"slideInRight\" data-animationDuration=\"0.3\" data-animationOffset=\"bottom-in-view\" target=\"_self\" href=\"https:\/\/predire-testcenter.com\/de\/kontakt\/\"><span class=\"fusion-button-text awb-button__text awb-button__text--default\">Lass uns dir helfen<\/span><\/a><\/div><div class=\"fusion-clearfix\"><\/div><\/div><\/div><\/div><\/div><div class=\"fusion-fullwidth fullwidth-box fusion-builder-row-2 nonhundred-percent-fullwidth non-hundred-percent-height-scrolling\" style=\"--awb-border-radius-top-left:0px;--awb-border-radius-top-right:0px;--awb-border-radius-bottom-right:0px;--awb-border-radius-bottom-left:0px;--awb-margin-top:50px;--awb-margin-bottom:50px;--awb-flex-wrap:wrap;\" ><div class=\"fusion-builder-row fusion-row\"><div class=\"fusion-layout-column fusion_builder_column fusion-builder-column-1 fusion_builder_column_1_1 1_1 fusion-one-full fusion-column-first fusion-column-last\" style=\"--awb-bg-size:cover;\"><div class=\"fusion-column-wrapper fusion-flex-column-wrapper-legacy\"><div class=\"fusion-text fusion-text-2\"><p style=\"text-align: center;\">Haben Sie ein Problem, das gel\u00f6st werden muss? Haben Sie neue Produkte, die nach spezifischen Anforderungen getestet werden m\u00fcssen? M\u00f6chten Sie, dass wir eine vorhandene Testmethode weiterentwickeln? Wir bei Predire sind flexibel, innovativ und wettbewerbsf\u00e4hig. Wir investieren gerne, wenn es n\u00f6tig ist, um einen bestimmten Test zu entwickeln.<\/p>\n<p style=\"text-align: center;\">Wenn der Standard einfach nicht ausreicht oder keiner verf\u00fcgbar ist, um den Test, die Analyse oder die Simulation durchzuf\u00fchren, die Sie ben\u00f6tigen, um die Qualit\u00e4t Ihres Produkts zu sichern, bieten wir Ihnen unsere Hilfe an, um eine L\u00f6sung zu finden, die zu Ihnen passt.<\/p>\n<\/div><div class=\"fusion-clearfix\"><\/div><\/div><\/div><\/div><\/div><div class=\"fusion-fullwidth fullwidth-box fusion-builder-row-3 nonhundred-percent-fullwidth non-hundred-percent-height-scrolling\" style=\"--awb-border-radius-top-left:0px;--awb-border-radius-top-right:0px;--awb-border-radius-bottom-right:0px;--awb-border-radius-bottom-left:0px;--awb-flex-wrap:wrap;\" ><div class=\"fusion-builder-row fusion-row\"><div class=\"fusion-layout-column fusion_builder_column fusion-builder-column-2 fusion_builder_column_1_1 1_1 fusion-one-full fusion-column-first fusion-column-last\" style=\"--awb-bg-size:cover;\"><div class=\"fusion-column-wrapper fusion-flex-column-wrapper-legacy\"><div class=\"fusion-aligncenter\"><a class=\"fusion-button button-flat fusion-button-default-size button-default fusion-button-default button-2 fusion-button-default-span fusion-button-default-type fusion-animated\" data-animationType=\"slideInUp\" data-animationDuration=\"0.8\" data-animationOffset=\"top-into-view\" target=\"_self\" href=\"https:\/\/predire-testcenter.com\/de\/kontakt\/\"><span class=\"fusion-button-text awb-button__text awb-button__text--default\">Kontaktieren Sie uns<\/span><\/a><\/div><div class=\"fusion-clearfix\"><\/div><\/div><\/div><\/div><\/div><\/p>\n","protected":false},"excerpt":{"rendered":"","protected":false},"author":1,"featured_media":0,"parent":0,"menu_order":0,"comment_status":"closed","ping_status":"closed","template":"100-width.php","meta":{"footnotes":""},"class_list":["post-6268","page","type-page","status-publish","hentry"],"yoast_head":"<!-- This site is optimized with the Yoast SEO plugin v26.4 - https:\/\/yoast.com\/wordpress\/plugins\/seo\/ -->\n<title>Kundenspezifische pr\u00fcfungen - Predire Testcenter AB - Predire AB<\/title>\n<meta name=\"robots\" content=\"index, follow, max-snippet:-1, max-image-preview:large, max-video-preview:-1\" \/>\n<link rel=\"canonical\" href=\"https:\/\/predire-testcenter.com\/de\/kundenspezifische-prufungen\/\" \/>\n<meta property=\"og:locale\" content=\"de_DE\" \/>\n<meta property=\"og:type\" content=\"article\" \/>\n<meta property=\"og:title\" content=\"Kundenspezifische pr\u00fcfungen - Predire Testcenter AB - Predire AB\" \/>\n<meta property=\"og:url\" content=\"https:\/\/predire-testcenter.com\/de\/kundenspezifische-prufungen\/\" \/>\n<meta property=\"og:site_name\" content=\"Predire Testcenter AB - Predire AB\" \/>\n<meta property=\"article:modified_time\" content=\"2019-07-01T13:55:58+00:00\" \/>\n<meta name=\"twitter:card\" content=\"summary_large_image\" \/>\n<meta name=\"twitter:label1\" content=\"Gesch\u00e4tzte Lesezeit\" \/>\n\t<meta name=\"twitter:data1\" content=\"4\u00a0Minuten\" \/>\n<script type=\"application\/ld+json\" class=\"yoast-schema-graph\">{\"@context\":\"https:\/\/schema.org\",\"@graph\":[{\"@type\":\"WebPage\",\"@id\":\"https:\/\/predire-testcenter.com\/de\/kundenspezifische-prufungen\/\",\"url\":\"https:\/\/predire-testcenter.com\/de\/kundenspezifische-prufungen\/\",\"name\":\"Kundenspezifische pr\u00fcfungen - Predire Testcenter AB - Predire AB\",\"isPartOf\":{\"@id\":\"https:\/\/predire-testcenter.com\/#website\"},\"datePublished\":\"2018-09-30T15:09:41+00:00\",\"dateModified\":\"2019-07-01T13:55:58+00:00\",\"breadcrumb\":{\"@id\":\"https:\/\/predire-testcenter.com\/de\/kundenspezifische-prufungen\/#breadcrumb\"},\"inLanguage\":\"de\",\"potentialAction\":[{\"@type\":\"ReadAction\",\"target\":[\"https:\/\/predire-testcenter.com\/de\/kundenspezifische-prufungen\/\"]}]},{\"@type\":\"BreadcrumbList\",\"@id\":\"https:\/\/predire-testcenter.com\/de\/kundenspezifische-prufungen\/#breadcrumb\",\"itemListElement\":[{\"@type\":\"ListItem\",\"position\":1,\"name\":\"Hem\",\"item\":\"https:\/\/predire-testcenter.com\/de\/\"},{\"@type\":\"ListItem\",\"position\":2,\"name\":\"Kundenspezifische pr\u00fcfungen\"}]},{\"@type\":\"WebSite\",\"@id\":\"https:\/\/predire-testcenter.com\/#website\",\"url\":\"https:\/\/predire-testcenter.com\/\",\"name\":\"Predire Testcenter AB - Predire AB\",\"description\":\"We are an International, Independent and Accredited Test Institute with wide Technical Know-How and Experience within Quality Assurance, Simulations &amp; Testing.\",\"potentialAction\":[{\"@type\":\"SearchAction\",\"target\":{\"@type\":\"EntryPoint\",\"urlTemplate\":\"https:\/\/predire-testcenter.com\/?s={search_term_string}\"},\"query-input\":{\"@type\":\"PropertyValueSpecification\",\"valueRequired\":true,\"valueName\":\"search_term_string\"}}],\"inLanguage\":\"de\"}]}<\/script>\n<!-- \/ Yoast SEO plugin. -->","yoast_head_json":{"title":"Kundenspezifische pr\u00fcfungen - Predire Testcenter AB - Predire AB","robots":{"index":"index","follow":"follow","max-snippet":"max-snippet:-1","max-image-preview":"max-image-preview:large","max-video-preview":"max-video-preview:-1"},"canonical":"https:\/\/predire-testcenter.com\/de\/kundenspezifische-prufungen\/","og_locale":"de_DE","og_type":"article","og_title":"Kundenspezifische pr\u00fcfungen - Predire Testcenter AB - Predire AB","og_url":"https:\/\/predire-testcenter.com\/de\/kundenspezifische-prufungen\/","og_site_name":"Predire Testcenter AB - Predire AB","article_modified_time":"2019-07-01T13:55:58+00:00","twitter_card":"summary_large_image","twitter_misc":{"Gesch\u00e4tzte Lesezeit":"4\u00a0Minuten"},"schema":{"@context":"https:\/\/schema.org","@graph":[{"@type":"WebPage","@id":"https:\/\/predire-testcenter.com\/de\/kundenspezifische-prufungen\/","url":"https:\/\/predire-testcenter.com\/de\/kundenspezifische-prufungen\/","name":"Kundenspezifische pr\u00fcfungen - Predire Testcenter AB - Predire AB","isPartOf":{"@id":"https:\/\/predire-testcenter.com\/#website"},"datePublished":"2018-09-30T15:09:41+00:00","dateModified":"2019-07-01T13:55:58+00:00","breadcrumb":{"@id":"https:\/\/predire-testcenter.com\/de\/kundenspezifische-prufungen\/#breadcrumb"},"inLanguage":"de","potentialAction":[{"@type":"ReadAction","target":["https:\/\/predire-testcenter.com\/de\/kundenspezifische-prufungen\/"]}]},{"@type":"BreadcrumbList","@id":"https:\/\/predire-testcenter.com\/de\/kundenspezifische-prufungen\/#breadcrumb","itemListElement":[{"@type":"ListItem","position":1,"name":"Hem","item":"https:\/\/predire-testcenter.com\/de\/"},{"@type":"ListItem","position":2,"name":"Kundenspezifische pr\u00fcfungen"}]},{"@type":"WebSite","@id":"https:\/\/predire-testcenter.com\/#website","url":"https:\/\/predire-testcenter.com\/","name":"Predire Testcenter AB - Predire AB","description":"We are an International, Independent and Accredited Test Institute with wide Technical Know-How and Experience within Quality Assurance, Simulations &amp; Testing.","potentialAction":[{"@type":"SearchAction","target":{"@type":"EntryPoint","urlTemplate":"https:\/\/predire-testcenter.com\/?s={search_term_string}"},"query-input":{"@type":"PropertyValueSpecification","valueRequired":true,"valueName":"search_term_string"}}],"inLanguage":"de"}]}},"_links":{"self":[{"href":"https:\/\/predire-testcenter.com\/de\/wp-json\/wp\/v2\/pages\/6268","targetHints":{"allow":["GET"]}}],"collection":[{"href":"https:\/\/predire-testcenter.com\/de\/wp-json\/wp\/v2\/pages"}],"about":[{"href":"https:\/\/predire-testcenter.com\/de\/wp-json\/wp\/v2\/types\/page"}],"author":[{"embeddable":true,"href":"https:\/\/predire-testcenter.com\/de\/wp-json\/wp\/v2\/users\/1"}],"replies":[{"embeddable":true,"href":"https:\/\/predire-testcenter.com\/de\/wp-json\/wp\/v2\/comments?post=6268"}],"version-history":[{"count":5,"href":"https:\/\/predire-testcenter.com\/de\/wp-json\/wp\/v2\/pages\/6268\/revisions"}],"predecessor-version":[{"id":6853,"href":"https:\/\/predire-testcenter.com\/de\/wp-json\/wp\/v2\/pages\/6268\/revisions\/6853"}],"wp:attachment":[{"href":"https:\/\/predire-testcenter.com\/de\/wp-json\/wp\/v2\/media?parent=6268"}],"curies":[{"name":"wp","href":"https:\/\/api.w.org\/{rel}","templated":true}]}}