{"id":6259,"date":"2018-09-30T15:03:38","date_gmt":"2018-09-30T15:03:38","guid":{"rendered":"http:\/\/predire-testcenter.com\/verifizierungen-und-analysen\/"},"modified":"2019-07-01T13:53:12","modified_gmt":"2019-07-01T13:53:12","slug":"verifizierungen-und-analysen","status":"publish","type":"page","link":"https:\/\/predire-testcenter.com\/de\/verifizierungen-und-analysen\/","title":{"rendered":"Verifizierungen und analysen"},"content":{"rendered":"<p><div class=\"fusion-fullwidth fullwidth-box fusion-builder-row-1 hundred-percent-fullwidth non-hundred-percent-height-scrolling\" style=\"--awb-border-radius-top-left:0px;--awb-border-radius-top-right:0px;--awb-border-radius-bottom-right:0px;--awb-border-radius-bottom-left:0px;--awb-padding-right:0px;--awb-padding-left:0px;--awb-margin-top:-50px;--awb-flex-wrap:wrap;\" ><div class=\"fusion-builder-row fusion-row\"><div class=\"fusion-layout-column fusion_builder_column fusion-builder-column-0 fusion_builder_column_1_1 1_1 fusion-one-full fusion-column-first fusion-column-last\" style=\"--awb-bg-size:cover;\"><div class=\"fusion-column-wrapper fusion-flex-column-wrapper-legacy\">\t\t\t\t\t<div class=\"fusion-slider-container fusion-slider-sc-verifiering-och-analys-tyskland fusion-slider-68 full-width-slider\" style=\"height:400px; max-width:100%;\" data-id=\"68\" data-full_height=\"\">\n\t\t\t\t\t\t<style type=\"text\/css\">.fusion-slider-68 .flex-direction-nav a {width:63px;height:63px;line-height:63px;font-size:25px;}<\/style>\t\t\t\t\t\t<div class=\"fusion-slider-loading\">Loading...<\/div>\n\t\t\t\t\t\t<div class=\"tfs-slider flexslider main-flex full-width-slider\" data-slider_width=\"100%\" data-slider_height=\"400px\" data-full_screen=\"0\" data-parallax=\"0\" data-nav_arrows=\"1\" data-nav_box_width=\"63px\" data-nav_box_height=\"63px\" data-nav_arrow_size=\"25px\" data-autoplay=\"1\" data-loop=\"0\" data-orderby=\"date\" data-order=\"DESC\" data-animation=\"fade\" data-slideshow_speed=\"4000\" data-animation_speed=\"600\" data-typo_sensitivity=\"1\" data-typo_factor=\"1.5\" style=\"max-width:100%;\">\n\t\t\t\t\t\t\t<ul class=\"slides\">\n\t\t\t\t\t\t\t\t\t\t\t\t\t\t\t\t\t<li data-mute=\"yes\" data-loop=\"yes\" data-autoplay=\"yes\">\n\t\t\t\t\t\t\t\t\t\t<div class=\"slide-content-container slide-content-center\" style=\"display: none;\">\n\t\t\t\t\t\t\t\t\t\t\t<div class=\"slide-content\" style=\"\">\n\t\t\t\t\t\t\t\t\t\t\t\t\t\t\t\t\t\t\t\t\t\t\t\t\t<div class=\"heading \">\n\t\t\t\t\t\t\t\t\t\t\t\t\t\t<div class=\"fusion-title-sc-wrapper\" style=\"\">\n\t\t\t\t\t\t\t\t\t\t\t\t\t\t\t<div class=\"fusion-title title fusion-title-1 fusion-sep-none fusion-title-center fusion-title-text fusion-title-size-two\" style=\"--awb-text-color:#152e51;--awb-margin-bottom:0px;--awb-sep-color:#152e51;--awb-font-size:50px;\"><h2 class=\"fusion-title-heading title-heading-center\" style=\"margin:0;font-size:1em;line-height:60px;\"><b>Verifizierungen und analysen<\/b><\/h2><\/div>\t\t\t\t\t\t\t\t\t\t\t\t\t\t<\/div>\n\t\t\t\t\t\t\t\t\t\t\t\t\t<\/div>\n\t\t\t\t\t\t\t\t\t\t\t\t\t\t\t\t\t\t\t\t\t\t\t\t\t\t\t\t\t\t\t\t\t\t\t\t\t\t\t\t\t\t\t\t\t\t\t\t\t<div class=\"buttons\" >\n\t\t\t\t\t\t\t\t\t\t\t\t\t\t\t\t\t\t\t\t\t\t\t\t\t\t\t\t\t\t\t\t\t\t\t\t\t\t\t\t\t<\/div>\n\t\t\t\t\t\t\t\t\t\t\t\t\t\t\t\t\t\t\t\t\t\t\t<\/div>\n\t\t\t\t\t\t\t\t\t\t<\/div>\n\t\t\t\t\t\t\t\t\t\t\t\t\t\t\t\t\t\t\t\t\t\t\t\t\t\t\t\t\t\t\t\t\t\t\t\t\t\t\t\t<div class=\"background background-image\" style=\"background-image: url(https:\/\/predire-testcenter.com\/wp-content\/uploads\/2018\/09\/5612.jpg);max-width:100%;height:400px;filter: progid:DXImageTransform.Microsoft.AlphaImageLoader(src='https:\/\/predire-testcenter.com\/wp-content\/uploads\/2018\/09\/5612.jpg', sizingMethod='scale');\" data-imgwidth=\"1920\">\n\t\t\t\t\t\t\t\t\t\t\t\t\t\t\t\t\t\t\t\t\t\t\t\t\t\t\t\t\t\t\t\t\t\t\t\t\t\t\t\t\t\t\t\t\t\t\t\t\t\t\t\t\t\t\t\t\t\t\t\t\t\t\t\t\t\t<\/div>\n\t\t\t\t\t\t\t\t\t<\/li>\n\t\t\t\t\t\t\t\t\t\t\t\t\t\t\t\t\t<li data-mute=\"yes\" data-loop=\"yes\" data-autoplay=\"yes\">\n\t\t\t\t\t\t\t\t\t\t<div class=\"slide-content-container slide-content-center\" style=\"display: none;\">\n\t\t\t\t\t\t\t\t\t\t\t<div class=\"slide-content\" style=\"\">\n\t\t\t\t\t\t\t\t\t\t\t\t\t\t\t\t\t\t\t\t\t\t\t\t\t<div class=\"heading \">\n\t\t\t\t\t\t\t\t\t\t\t\t\t\t<div class=\"fusion-title-sc-wrapper\" style=\"\">\n\t\t\t\t\t\t\t\t\t\t\t\t\t\t\t<div class=\"fusion-title title fusion-title-2 fusion-sep-none fusion-title-center fusion-title-text fusion-title-size-two\" style=\"--awb-text-color:#152e51;--awb-margin-bottom:0px;--awb-sep-color:#152e51;--awb-font-size:50px;\"><h2 class=\"fusion-title-heading title-heading-center\" style=\"margin:0;font-size:1em;line-height:60px;\"><b>Verifizierungen und analysen<\/b><\/h2><\/div>\t\t\t\t\t\t\t\t\t\t\t\t\t\t<\/div>\n\t\t\t\t\t\t\t\t\t\t\t\t\t<\/div>\n\t\t\t\t\t\t\t\t\t\t\t\t\t\t\t\t\t\t\t\t\t\t\t\t\t\t\t\t\t\t\t\t\t\t\t\t\t\t\t\t\t\t\t\t\t\t\t\t\t<div class=\"buttons\" >\n\t\t\t\t\t\t\t\t\t\t\t\t\t\t\t\t\t\t\t\t\t\t\t\t\t\t\t\t\t\t\t\t\t\t\t\t\t\t\t\t\t<\/div>\n\t\t\t\t\t\t\t\t\t\t\t\t\t\t\t\t\t\t\t\t\t\t\t<\/div>\n\t\t\t\t\t\t\t\t\t\t<\/div>\n\t\t\t\t\t\t\t\t\t\t\t\t\t\t\t\t\t\t\t\t\t\t\t\t\t\t\t\t\t\t\t\t\t\t\t\t\t\t\t\t<div class=\"background background-image\" style=\"background-image: url(https:\/\/predire-testcenter.com\/wp-content\/uploads\/2018\/09\/5460.jpg);max-width:100%;height:400px;filter: progid:DXImageTransform.Microsoft.AlphaImageLoader(src='https:\/\/predire-testcenter.com\/wp-content\/uploads\/2018\/09\/5460.jpg', sizingMethod='scale');\" data-imgwidth=\"1920\">\n\t\t\t\t\t\t\t\t\t\t\t\t\t\t\t\t\t\t\t\t\t\t\t\t\t\t\t\t\t\t\t\t\t\t\t\t\t\t\t\t\t\t\t\t\t\t\t\t\t\t\t\t\t\t\t\t\t\t\t\t\t\t\t\t\t\t<\/div>\n\t\t\t\t\t\t\t\t\t<\/li>\n\t\t\t\t\t\t\t\t\t\t\t\t\t\t\t\t\t\t\t\t\t\t\t<\/ul>\n\t\t\t\t\t\t<\/div>\n\t\t\t\t\t<\/div>\n\t\t\t\t\t\t\t\t<div class=\"fusion-clearfix\"><\/div><\/div><\/div><\/div><\/div><div class=\"fusion-fullwidth fullwidth-box fusion-builder-row-2 nonhundred-percent-fullwidth non-hundred-percent-height-scrolling\" style=\"--awb-border-radius-top-left:0px;--awb-border-radius-top-right:0px;--awb-border-radius-bottom-right:0px;--awb-border-radius-bottom-left:0px;--awb-margin-top:50px;--awb-margin-bottom:50px;--awb-flex-wrap:wrap;\" ><div class=\"fusion-builder-row fusion-row\"><div class=\"fusion-layout-column fusion_builder_column fusion-builder-column-1 fusion_builder_column_1_1 1_1 fusion-one-full fusion-column-first fusion-column-last\" style=\"--awb-bg-size:cover;\"><div class=\"fusion-column-wrapper fusion-flex-column-wrapper-legacy\"><div class=\"fusion-text fusion-text-1\"><p style=\"text-align: center;\"><strong>Wir f\u00fchren regelm\u00e4\u00dfig Pr\u00fcfungen durch, um sicherzustellen, dass eine Produktion oder ein Prozess zufriedenstellend funktioniert. <\/strong><\/p>\n<p style=\"text-align: center;\">Die Verifizierung und Analyse der laufenden Produktion ist ein wichtiger Teil der Qualit\u00e4tsarbeit. In der Automobilindustrie arbeitet Predire viel mit f\u00fchrenden Marken zusammen, die beispielsweise Karosserieteile aus Aluminium und Blech herstellen. Dabei pr\u00fcfen wir Schwei\u00df- und L\u00f6tn\u00e4hte, um sicherzustellen, dass sie ordnungsgem\u00e4\u00df hergestellt werden. Bei Verifizierungen und Analysen geht es vor allem darum, so fr\u00fch wie m\u00f6glich in der Produktionsphase festzustellen, ob und wenn ja, wo es Probleme in der Produktion gibt und die Ursachen daf\u00fcr herauszufinden.<\/p>\n<\/div><div class=\"fusion-clearfix\"><\/div><\/div><\/div><\/div><\/div><div class=\"fusion-fullwidth fullwidth-box fusion-builder-row-3 fusion-parallax-none nonhundred-percent-fullwidth non-hundred-percent-height-scrolling\" style=\"--awb-border-radius-top-left:0px;--awb-border-radius-top-right:0px;--awb-border-radius-bottom-right:0px;--awb-border-radius-bottom-left:0px;--awb-padding-top:50px;--awb-padding-bottom:50px;--awb-background-image:url(&quot;https:\/\/predire-testcenter.com\/wp-content\/uploads\/2018\/08\/bakgrund-verifieringanalys-1920x800.jpg&quot;);--awb-background-size:cover;--awb-flex-wrap:wrap;\" ><div class=\"fusion-builder-row fusion-row\"><div class=\"fusion-layout-column fusion_builder_column fusion-builder-column-2 fusion_builder_column_1_4 1_4 fusion-one-fourth fusion-column-first\" style=\"--awb-bg-size:cover;width:25%;width:calc(25% - ( ( 4% + 4% + 4% ) * 0.25 ) );margin-right: 4%;\"><div class=\"fusion-column-wrapper fusion-flex-column-wrapper-legacy\"><div class=\"fusion-text fusion-text-2\"><p><strong>Material labor verifikationen<\/strong><\/p>\n<ul>\n<li>Kalibrierung<\/li>\n<li>Bildanalyse<\/li>\n<li>Schwei\u00dfnahtanalyse<\/li>\n<li>\u200bWeich- und hartl\u00f6tanalyse<\/li>\n<li>\u200bSelf Pierce Riveted (SPR) Joints Analysis<\/li>\n<li>\u200bDigitalfotodokumentation<\/li>\n<li>\u200bOberfl\u00e4chenbeschaffenheit<\/li>\n<li>\u200bPenetrant testing (NDT)<\/li>\n<li>\u200bPartikelanalyse\u200b<\/li>\n<\/ul>\n<\/div><div class=\"fusion-clearfix\"><\/div><\/div><\/div><div class=\"fusion-layout-column fusion_builder_column fusion-builder-column-3 fusion_builder_column_1_4 1_4 fusion-one-fourth\" style=\"--awb-bg-size:cover;width:25%;width:calc(25% - ( ( 4% + 4% + 4% ) * 0.25 ) );margin-right: 4%;\"><div class=\"fusion-column-wrapper fusion-flex-column-wrapper-legacy\"><div class=\"fusion-text fusion-text-3\"><p><b>Oberfl\u00e4chenverifikationen<\/b><\/p>\n<ul>\n<li>Korrosionspr\u00fcfungen<\/li>\n<li>Carbonoberfl\u00e4chenanalysen<\/li>\n<li>\u200bKlimakammerpr\u00fcfungen<\/li>\n<li>\u200bBestimmung der beschichtungsdicke<\/li>\n<li>\u200bSalzspr\u00fchnebeltests<\/li>\n<li>\u200bBlasenbildung<\/li>\n<li>\u200bAdh\u00e4sionspr\u00fcfungen<\/li>\n<li>\u200bScab corrosion test<\/li>\n<\/ul>\n<p><strong>Wasseranalysen<\/strong><\/p>\n<ul>\n<li>pH-wert bestimmung<\/li>\n<li>\u200bGleitf\u00e4higkeit<\/li>\n<li>\u200bMetalle<\/li>\n<\/ul>\n<\/div><div class=\"fusion-clearfix\"><\/div><\/div><\/div><div class=\"fusion-layout-column fusion_builder_column fusion-builder-column-4 fusion_builder_column_1_4 1_4 fusion-one-fourth\" style=\"--awb-bg-size:cover;width:25%;width:calc(25% - ( ( 4% + 4% + 4% ) * 0.25 ) );margin-right: 4%;\"><div class=\"fusion-column-wrapper fusion-flex-column-wrapper-legacy\"><div class=\"fusion-text fusion-text-4\"><p><b>\u00d6lverifikationen<\/b><\/p>\n<ul>\n<li>FT-IR analysen<\/li>\n<li>\u200bPartikelz\u00e4hlung<\/li>\n<li>\u200b\u00d6lfilm auf metallblechen<\/li>\n<li>\u200bHydraulische \u00f6l analysen<\/li>\n<li>\u200bViskosit\u00e4t<\/li>\n<li>\u200bDichtebestimmung<\/li>\n<li>\u200bKorrosion- und farbver\u00e4nderung auf metallblechen<\/li>\n<\/ul>\n<\/div><div class=\"fusion-clearfix\"><\/div><\/div><\/div><div class=\"fusion-layout-column fusion_builder_column fusion-builder-column-5 fusion_builder_column_1_4 1_4 fusion-one-fourth fusion-column-last\" style=\"--awb-bg-size:cover;width:25%;width:calc(25% - ( ( 4% + 4% + 4% ) * 0.25 ) );\"><div class=\"fusion-column-wrapper fusion-flex-column-wrapper-legacy\"><div class=\"fusion-text fusion-text-5\"><p><b>Klebeanalysen<\/b><\/p>\n<ul>\n<li>Viskosit\u00e4t<\/li>\n<li>\u200bAdh\u00e4sionspr\u00fcfungen<\/li>\n<li>\u200bAbscherpr\u00fcfungen<\/li>\n<li>\u200bW\u00e4rmelagerungen<\/li>\n<\/ul>\n<p><strong>Allgemeine chemische Analysen<\/strong><\/p>\n<ul>\n<li>pH-wert bestimmung\u200b<\/li>\n<li>Konzentrationsbestimmung<\/li>\n<li>\u200bGleitf\u00e4higkeitsbestimmung<\/li>\n<li>\u200bFotodokumentation<\/li>\n<li>\u200bBestimmung beigemischter elemente in metallen\u200b<\/li>\n<\/ul>\n<\/div><div class=\"fusion-clearfix\"><\/div><\/div><\/div><\/div><\/div><div class=\"fusion-fullwidth fullwidth-box fusion-builder-row-4 nonhundred-percent-fullwidth non-hundred-percent-height-scrolling\" style=\"--awb-border-radius-top-left:0px;--awb-border-radius-top-right:0px;--awb-border-radius-bottom-right:0px;--awb-border-radius-bottom-left:0px;--awb-flex-wrap:wrap;\" ><div class=\"fusion-builder-row fusion-row\"><div class=\"fusion-layout-column fusion_builder_column fusion-builder-column-6 fusion_builder_column_1_1 1_1 fusion-one-full fusion-column-first fusion-column-last\" style=\"--awb-bg-size:cover;--awb-margin-top:-25px;\"><div class=\"fusion-column-wrapper fusion-flex-column-wrapper-legacy\"><div class=\"fusion-aligncenter\"><a class=\"fusion-button button-flat fusion-button-default-size button-default fusion-button-default button-1 fusion-button-default-span fusion-button-default-type fusion-animated\" data-animationType=\"slideInUp\" data-animationDuration=\"0.8\" data-animationOffset=\"top-into-view\" target=\"_self\" href=\"https:\/\/predire-testcenter.com\/de\/kontakt\/\"><span class=\"fusion-button-text awb-button__text awb-button__text--default\">Kontaktieren Sie uns<\/span><\/a><\/div><div class=\"fusion-clearfix\"><\/div><\/div><\/div><\/div><\/div><\/p>\n","protected":false},"excerpt":{"rendered":"","protected":false},"author":1,"featured_media":0,"parent":0,"menu_order":0,"comment_status":"closed","ping_status":"closed","template":"100-width.php","meta":{"footnotes":""},"class_list":["post-6259","page","type-page","status-publish","hentry"],"yoast_head":"<!-- This site is optimized with the Yoast SEO plugin v26.4 - https:\/\/yoast.com\/wordpress\/plugins\/seo\/ -->\n<title>Verifizierungen und analysen - Predire Testcenter AB - Predire AB<\/title>\n<meta name=\"robots\" content=\"index, follow, max-snippet:-1, max-image-preview:large, max-video-preview:-1\" \/>\n<link rel=\"canonical\" href=\"https:\/\/predire-testcenter.com\/de\/verifizierungen-und-analysen\/\" \/>\n<meta property=\"og:locale\" content=\"de_DE\" \/>\n<meta property=\"og:type\" content=\"article\" \/>\n<meta property=\"og:title\" content=\"Verifizierungen und analysen - Predire Testcenter AB - Predire AB\" \/>\n<meta property=\"og:url\" content=\"https:\/\/predire-testcenter.com\/de\/verifizierungen-und-analysen\/\" \/>\n<meta property=\"og:site_name\" content=\"Predire Testcenter AB - Predire AB\" \/>\n<meta property=\"article:modified_time\" content=\"2019-07-01T13:53:12+00:00\" \/>\n<meta name=\"twitter:card\" content=\"summary_large_image\" \/>\n<meta name=\"twitter:label1\" content=\"Gesch\u00e4tzte Lesezeit\" \/>\n\t<meta name=\"twitter:data1\" content=\"7\u00a0Minuten\" \/>\n<script type=\"application\/ld+json\" class=\"yoast-schema-graph\">{\"@context\":\"https:\/\/schema.org\",\"@graph\":[{\"@type\":\"WebPage\",\"@id\":\"https:\/\/predire-testcenter.com\/de\/verifizierungen-und-analysen\/\",\"url\":\"https:\/\/predire-testcenter.com\/de\/verifizierungen-und-analysen\/\",\"name\":\"Verifizierungen und analysen - Predire Testcenter AB - Predire AB\",\"isPartOf\":{\"@id\":\"https:\/\/predire-testcenter.com\/#website\"},\"datePublished\":\"2018-09-30T15:03:38+00:00\",\"dateModified\":\"2019-07-01T13:53:12+00:00\",\"breadcrumb\":{\"@id\":\"https:\/\/predire-testcenter.com\/de\/verifizierungen-und-analysen\/#breadcrumb\"},\"inLanguage\":\"de\",\"potentialAction\":[{\"@type\":\"ReadAction\",\"target\":[\"https:\/\/predire-testcenter.com\/de\/verifizierungen-und-analysen\/\"]}]},{\"@type\":\"BreadcrumbList\",\"@id\":\"https:\/\/predire-testcenter.com\/de\/verifizierungen-und-analysen\/#breadcrumb\",\"itemListElement\":[{\"@type\":\"ListItem\",\"position\":1,\"name\":\"Hem\",\"item\":\"https:\/\/predire-testcenter.com\/de\/\"},{\"@type\":\"ListItem\",\"position\":2,\"name\":\"Verifizierungen und analysen\"}]},{\"@type\":\"WebSite\",\"@id\":\"https:\/\/predire-testcenter.com\/#website\",\"url\":\"https:\/\/predire-testcenter.com\/\",\"name\":\"Predire Testcenter AB - Predire AB\",\"description\":\"We are an International, Independent and Accredited Test Institute with wide Technical Know-How and Experience within Quality Assurance, Simulations &amp; Testing.\",\"potentialAction\":[{\"@type\":\"SearchAction\",\"target\":{\"@type\":\"EntryPoint\",\"urlTemplate\":\"https:\/\/predire-testcenter.com\/?s={search_term_string}\"},\"query-input\":{\"@type\":\"PropertyValueSpecification\",\"valueRequired\":true,\"valueName\":\"search_term_string\"}}],\"inLanguage\":\"de\"}]}<\/script>\n<!-- \/ Yoast SEO plugin. -->","yoast_head_json":{"title":"Verifizierungen und analysen - Predire Testcenter AB - Predire AB","robots":{"index":"index","follow":"follow","max-snippet":"max-snippet:-1","max-image-preview":"max-image-preview:large","max-video-preview":"max-video-preview:-1"},"canonical":"https:\/\/predire-testcenter.com\/de\/verifizierungen-und-analysen\/","og_locale":"de_DE","og_type":"article","og_title":"Verifizierungen und analysen - Predire Testcenter AB - Predire AB","og_url":"https:\/\/predire-testcenter.com\/de\/verifizierungen-und-analysen\/","og_site_name":"Predire Testcenter AB - Predire AB","article_modified_time":"2019-07-01T13:53:12+00:00","twitter_card":"summary_large_image","twitter_misc":{"Gesch\u00e4tzte Lesezeit":"7\u00a0Minuten"},"schema":{"@context":"https:\/\/schema.org","@graph":[{"@type":"WebPage","@id":"https:\/\/predire-testcenter.com\/de\/verifizierungen-und-analysen\/","url":"https:\/\/predire-testcenter.com\/de\/verifizierungen-und-analysen\/","name":"Verifizierungen und analysen - Predire Testcenter AB - Predire AB","isPartOf":{"@id":"https:\/\/predire-testcenter.com\/#website"},"datePublished":"2018-09-30T15:03:38+00:00","dateModified":"2019-07-01T13:53:12+00:00","breadcrumb":{"@id":"https:\/\/predire-testcenter.com\/de\/verifizierungen-und-analysen\/#breadcrumb"},"inLanguage":"de","potentialAction":[{"@type":"ReadAction","target":["https:\/\/predire-testcenter.com\/de\/verifizierungen-und-analysen\/"]}]},{"@type":"BreadcrumbList","@id":"https:\/\/predire-testcenter.com\/de\/verifizierungen-und-analysen\/#breadcrumb","itemListElement":[{"@type":"ListItem","position":1,"name":"Hem","item":"https:\/\/predire-testcenter.com\/de\/"},{"@type":"ListItem","position":2,"name":"Verifizierungen und analysen"}]},{"@type":"WebSite","@id":"https:\/\/predire-testcenter.com\/#website","url":"https:\/\/predire-testcenter.com\/","name":"Predire Testcenter AB - Predire AB","description":"We are an International, Independent and Accredited Test Institute with wide Technical Know-How and Experience within Quality Assurance, Simulations &amp; Testing.","potentialAction":[{"@type":"SearchAction","target":{"@type":"EntryPoint","urlTemplate":"https:\/\/predire-testcenter.com\/?s={search_term_string}"},"query-input":{"@type":"PropertyValueSpecification","valueRequired":true,"valueName":"search_term_string"}}],"inLanguage":"de"}]}},"_links":{"self":[{"href":"https:\/\/predire-testcenter.com\/de\/wp-json\/wp\/v2\/pages\/6259","targetHints":{"allow":["GET"]}}],"collection":[{"href":"https:\/\/predire-testcenter.com\/de\/wp-json\/wp\/v2\/pages"}],"about":[{"href":"https:\/\/predire-testcenter.com\/de\/wp-json\/wp\/v2\/types\/page"}],"author":[{"embeddable":true,"href":"https:\/\/predire-testcenter.com\/de\/wp-json\/wp\/v2\/users\/1"}],"replies":[{"embeddable":true,"href":"https:\/\/predire-testcenter.com\/de\/wp-json\/wp\/v2\/comments?post=6259"}],"version-history":[{"count":7,"href":"https:\/\/predire-testcenter.com\/de\/wp-json\/wp\/v2\/pages\/6259\/revisions"}],"predecessor-version":[{"id":6850,"href":"https:\/\/predire-testcenter.com\/de\/wp-json\/wp\/v2\/pages\/6259\/revisions\/6850"}],"wp:attachment":[{"href":"https:\/\/predire-testcenter.com\/de\/wp-json\/wp\/v2\/media?parent=6259"}],"curies":[{"name":"wp","href":"https:\/\/api.w.org\/{rel}","templated":true}]}}