{"id":6249,"date":"2018-09-30T14:53:54","date_gmt":"2018-09-30T14:53:54","guid":{"rendered":"http:\/\/predire-testcenter.com\/system-und-komponentenprufungen\/"},"modified":"2019-07-01T13:50:31","modified_gmt":"2019-07-01T13:50:31","slug":"system-und-komponentenprufungen","status":"publish","type":"page","link":"https:\/\/predire-testcenter.com\/de\/system-und-komponentenprufungen\/","title":{"rendered":"System- und Komponentenpr\u00fcfungen"},"content":{"rendered":"<p><div class=\"fusion-fullwidth fullwidth-box fusion-builder-row-1 hundred-percent-fullwidth non-hundred-percent-height-scrolling\" style=\"--awb-border-radius-top-left:0px;--awb-border-radius-top-right:0px;--awb-border-radius-bottom-right:0px;--awb-border-radius-bottom-left:0px;--awb-padding-right:0px;--awb-padding-left:0px;--awb-margin-top:-50px;--awb-flex-wrap:wrap;\" ><div class=\"fusion-builder-row fusion-row\"><div class=\"fusion-layout-column fusion_builder_column fusion-builder-column-0 fusion_builder_column_1_1 1_1 fusion-one-full fusion-column-first fusion-column-last\" style=\"--awb-bg-size:cover;\"><div class=\"fusion-column-wrapper fusion-flex-column-wrapper-legacy\">\t\t\t\t\t<div class=\"fusion-slider-container fusion-slider-sc-system-och-komponenttester-tyskland fusion-slider-74 full-width-slider\" style=\"height:400px; max-width:100%;\" data-id=\"74\" data-full_height=\"\">\n\t\t\t\t\t\t<style type=\"text\/css\">.fusion-slider-74 .flex-direction-nav a {width:63px;height:63px;line-height:63px;font-size:25px;}<\/style>\t\t\t\t\t\t<div class=\"fusion-slider-loading\">Loading...<\/div>\n\t\t\t\t\t\t<div class=\"tfs-slider flexslider main-flex full-width-slider\" data-slider_width=\"100%\" data-slider_height=\"400px\" data-full_screen=\"0\" data-parallax=\"0\" data-nav_arrows=\"1\" data-nav_box_width=\"63px\" data-nav_box_height=\"63px\" data-nav_arrow_size=\"25px\" data-autoplay=\"1\" data-loop=\"0\" data-orderby=\"date\" data-order=\"DESC\" data-animation=\"fade\" data-slideshow_speed=\"4000\" data-animation_speed=\"600\" data-typo_sensitivity=\"1\" data-typo_factor=\"1.5\" style=\"max-width:100%;\">\n\t\t\t\t\t\t\t<ul class=\"slides\">\n\t\t\t\t\t\t\t\t\t\t\t\t\t\t\t\t\t<li data-mute=\"yes\" data-loop=\"yes\" data-autoplay=\"yes\">\n\t\t\t\t\t\t\t\t\t\t<div class=\"slide-content-container slide-content-center\" style=\"display: none;\">\n\t\t\t\t\t\t\t\t\t\t\t<div class=\"slide-content\" style=\"\">\n\t\t\t\t\t\t\t\t\t\t\t\t\t\t\t\t\t\t\t\t\t\t\t\t\t<div class=\"heading \">\n\t\t\t\t\t\t\t\t\t\t\t\t\t\t<div class=\"fusion-title-sc-wrapper\" style=\"\">\n\t\t\t\t\t\t\t\t\t\t\t\t\t\t\t<div class=\"fusion-title title fusion-title-1 fusion-sep-none fusion-title-center fusion-title-text fusion-title-size-two\" style=\"--awb-text-color:#152e51;--awb-margin-bottom:0px;--awb-sep-color:#152e51;--awb-font-size:50px;\"><h2 class=\"fusion-title-heading title-heading-center\" style=\"margin:0;font-size:1em;line-height:60px;\"><b>System- und Komponentenpr\u00fcfungen<\/b><\/h2><\/div>\t\t\t\t\t\t\t\t\t\t\t\t\t\t<\/div>\n\t\t\t\t\t\t\t\t\t\t\t\t\t<\/div>\n\t\t\t\t\t\t\t\t\t\t\t\t\t\t\t\t\t\t\t\t\t\t\t\t\t\t\t\t\t\t\t\t\t\t\t\t\t\t\t\t\t\t\t\t\t\t\t\t\t<div class=\"buttons\" >\n\t\t\t\t\t\t\t\t\t\t\t\t\t\t\t\t\t\t\t\t\t\t\t\t\t\t\t\t\t\t\t\t\t\t\t\t\t\t\t\t\t<\/div>\n\t\t\t\t\t\t\t\t\t\t\t\t\t\t\t\t\t\t\t\t\t\t\t<\/div>\n\t\t\t\t\t\t\t\t\t\t<\/div>\n\t\t\t\t\t\t\t\t\t\t\t\t\t\t\t\t\t\t\t\t\t\t\t\t\t\t\t\t\t\t\t\t\t\t\t\t\t\t\t\t<div class=\"background background-image\" style=\"background-image: url(https:\/\/predire-testcenter.com\/wp-content\/uploads\/2018\/09\/5610.jpg);max-width:100%;height:400px;filter: progid:DXImageTransform.Microsoft.AlphaImageLoader(src='https:\/\/predire-testcenter.com\/wp-content\/uploads\/2018\/09\/5610.jpg', sizingMethod='scale');\" data-imgwidth=\"1920\">\n\t\t\t\t\t\t\t\t\t\t\t\t\t\t\t\t\t\t\t\t\t\t\t\t\t\t\t\t\t\t\t\t\t\t\t\t\t\t\t\t\t\t\t\t\t\t\t\t\t\t\t\t\t\t\t\t\t\t\t\t\t\t\t\t\t\t<\/div>\n\t\t\t\t\t\t\t\t\t<\/li>\n\t\t\t\t\t\t\t\t\t\t\t\t\t\t\t\t\t<li data-mute=\"yes\" data-loop=\"yes\" data-autoplay=\"yes\">\n\t\t\t\t\t\t\t\t\t\t<div class=\"slide-content-container slide-content-center\" style=\"display: none;\">\n\t\t\t\t\t\t\t\t\t\t\t<div class=\"slide-content\" style=\"\">\n\t\t\t\t\t\t\t\t\t\t\t\t\t\t\t\t\t\t\t\t\t\t\t\t\t<div class=\"heading \">\n\t\t\t\t\t\t\t\t\t\t\t\t\t\t<div class=\"fusion-title-sc-wrapper\" style=\"\">\n\t\t\t\t\t\t\t\t\t\t\t\t\t\t\t<div class=\"fusion-title title fusion-title-2 fusion-sep-none fusion-title-center fusion-title-text fusion-title-size-two\" style=\"--awb-text-color:#152e51;--awb-margin-bottom:0px;--awb-sep-color:#152e51;--awb-font-size:50px;\"><h2 class=\"fusion-title-heading title-heading-center\" style=\"margin:0;font-size:1em;line-height:60px;\"><b>System- und Komponentenpr\u00fcfungen<\/b><\/h2><\/div>\t\t\t\t\t\t\t\t\t\t\t\t\t\t<\/div>\n\t\t\t\t\t\t\t\t\t\t\t\t\t<\/div>\n\t\t\t\t\t\t\t\t\t\t\t\t\t\t\t\t\t\t\t\t\t\t\t\t\t\t\t\t\t\t\t\t\t\t\t\t\t\t\t\t\t\t\t\t\t\t\t\t\t<div class=\"buttons\" >\n\t\t\t\t\t\t\t\t\t\t\t\t\t\t\t\t\t\t\t\t\t\t\t\t\t\t\t\t\t\t\t\t\t\t\t\t\t\t\t\t\t<\/div>\n\t\t\t\t\t\t\t\t\t\t\t\t\t\t\t\t\t\t\t\t\t\t\t<\/div>\n\t\t\t\t\t\t\t\t\t\t<\/div>\n\t\t\t\t\t\t\t\t\t\t\t\t\t\t\t\t\t\t\t\t\t\t\t\t\t\t\t\t\t\t\t\t\t\t\t\t\t\t\t\t<div class=\"background background-image\" style=\"background-image: url(https:\/\/predire-testcenter.com\/wp-content\/uploads\/2018\/09\/Alla-headerbilder-kopia.png);max-width:100%;height:400px;filter: progid:DXImageTransform.Microsoft.AlphaImageLoader(src='https:\/\/predire-testcenter.com\/wp-content\/uploads\/2018\/09\/Alla-headerbilder-kopia.png', sizingMethod='scale');\" data-imgwidth=\"1920\">\n\t\t\t\t\t\t\t\t\t\t\t\t\t\t\t\t\t\t\t\t\t\t\t\t\t\t\t\t\t\t\t\t\t\t\t\t\t\t\t\t\t\t\t\t\t\t\t\t\t\t\t\t\t\t\t\t\t\t\t\t\t\t\t\t\t\t<\/div>\n\t\t\t\t\t\t\t\t\t<\/li>\n\t\t\t\t\t\t\t\t\t\t\t\t\t\t\t\t\t<li data-mute=\"yes\" data-loop=\"yes\" data-autoplay=\"yes\">\n\t\t\t\t\t\t\t\t\t\t<div class=\"slide-content-container slide-content-center\" style=\"display: none;\">\n\t\t\t\t\t\t\t\t\t\t\t<div class=\"slide-content\" style=\"\">\n\t\t\t\t\t\t\t\t\t\t\t\t\t\t\t\t\t\t\t\t\t\t\t\t\t<div class=\"heading \">\n\t\t\t\t\t\t\t\t\t\t\t\t\t\t<div class=\"fusion-title-sc-wrapper\" style=\"\">\n\t\t\t\t\t\t\t\t\t\t\t\t\t\t\t<div class=\"fusion-title title fusion-title-3 fusion-sep-none fusion-title-center fusion-title-text fusion-title-size-two\" style=\"--awb-text-color:#152e51;--awb-margin-bottom:0px;--awb-sep-color:#152e51;--awb-font-size:50px;\"><h2 class=\"fusion-title-heading title-heading-center\" style=\"margin:0;font-size:1em;line-height:60px;\"><b>System- und Komponentenpr\u00fcfungen<\/b><\/h2><\/div>\t\t\t\t\t\t\t\t\t\t\t\t\t\t<\/div>\n\t\t\t\t\t\t\t\t\t\t\t\t\t<\/div>\n\t\t\t\t\t\t\t\t\t\t\t\t\t\t\t\t\t\t\t\t\t\t\t\t\t\t\t\t\t\t\t\t\t\t\t\t\t\t\t\t\t\t\t\t\t\t\t\t\t<div class=\"buttons\" >\n\t\t\t\t\t\t\t\t\t\t\t\t\t\t\t\t\t\t\t\t\t\t\t\t\t\t\t\t\t\t\t\t\t\t\t\t\t\t\t\t\t<\/div>\n\t\t\t\t\t\t\t\t\t\t\t\t\t\t\t\t\t\t\t\t\t\t\t<\/div>\n\t\t\t\t\t\t\t\t\t\t<\/div>\n\t\t\t\t\t\t\t\t\t\t\t\t\t\t\t\t\t\t\t\t\t\t\t\t\t\t\t\t\t\t\t\t\t\t\t\t\t\t\t\t<div class=\"background background-image\" style=\"background-image: url(https:\/\/predire-testcenter.com\/wp-content\/uploads\/2018\/09\/5606.jpg);max-width:100%;height:400px;filter: progid:DXImageTransform.Microsoft.AlphaImageLoader(src='https:\/\/predire-testcenter.com\/wp-content\/uploads\/2018\/09\/5606.jpg', sizingMethod='scale');\" data-imgwidth=\"1920\">\n\t\t\t\t\t\t\t\t\t\t\t\t\t\t\t\t\t\t\t\t\t\t\t\t\t\t\t\t\t\t\t\t\t\t\t\t\t\t\t\t\t\t\t\t\t\t\t\t\t\t\t\t\t\t\t\t\t\t\t\t\t\t\t\t\t\t<\/div>\n\t\t\t\t\t\t\t\t\t<\/li>\n\t\t\t\t\t\t\t\t\t\t\t\t\t\t\t\t\t<li data-mute=\"yes\" data-loop=\"yes\" data-autoplay=\"yes\">\n\t\t\t\t\t\t\t\t\t\t<div class=\"slide-content-container slide-content-center\" style=\"display: none;\">\n\t\t\t\t\t\t\t\t\t\t\t<div class=\"slide-content\" style=\"\">\n\t\t\t\t\t\t\t\t\t\t\t\t\t\t\t\t\t\t\t\t\t\t\t\t\t<div class=\"heading \">\n\t\t\t\t\t\t\t\t\t\t\t\t\t\t<div class=\"fusion-title-sc-wrapper\" style=\"\">\n\t\t\t\t\t\t\t\t\t\t\t\t\t\t\t<div class=\"fusion-title title fusion-title-4 fusion-sep-none fusion-title-center fusion-title-text fusion-title-size-two\" style=\"--awb-text-color:#152e51;--awb-margin-bottom:0px;--awb-sep-color:#152e51;--awb-font-size:50px;\"><h2 class=\"fusion-title-heading title-heading-center\" style=\"margin:0;font-size:1em;line-height:60px;\"><b>System- und Komponentenpr\u00fcfungen<\/b><\/h2><\/div>\t\t\t\t\t\t\t\t\t\t\t\t\t\t<\/div>\n\t\t\t\t\t\t\t\t\t\t\t\t\t<\/div>\n\t\t\t\t\t\t\t\t\t\t\t\t\t\t\t\t\t\t\t\t\t\t\t\t\t\t\t\t\t\t\t\t\t\t\t\t\t\t\t\t\t\t\t\t\t\t\t\t\t<div class=\"buttons\" >\n\t\t\t\t\t\t\t\t\t\t\t\t\t\t\t\t\t\t\t\t\t\t\t\t\t\t\t\t\t\t\t\t\t\t\t\t\t\t\t\t\t<\/div>\n\t\t\t\t\t\t\t\t\t\t\t\t\t\t\t\t\t\t\t\t\t\t\t<\/div>\n\t\t\t\t\t\t\t\t\t\t<\/div>\n\t\t\t\t\t\t\t\t\t\t\t\t\t\t\t\t\t\t\t\t\t\t\t\t\t\t\t\t\t\t\t\t\t\t\t\t\t\t\t\t<div class=\"background background-image\" style=\"background-image: url(https:\/\/predire-testcenter.com\/wp-content\/uploads\/2018\/09\/5608.jpg);max-width:100%;height:400px;filter: progid:DXImageTransform.Microsoft.AlphaImageLoader(src='https:\/\/predire-testcenter.com\/wp-content\/uploads\/2018\/09\/5608.jpg', sizingMethod='scale');\" data-imgwidth=\"1920\">\n\t\t\t\t\t\t\t\t\t\t\t\t\t\t\t\t\t\t\t\t\t\t\t\t\t\t\t\t\t\t\t\t\t\t\t\t\t\t\t\t\t\t\t\t\t\t\t\t\t\t\t\t\t\t\t\t\t\t\t\t\t\t\t\t\t\t<\/div>\n\t\t\t\t\t\t\t\t\t<\/li>\n\t\t\t\t\t\t\t\t\t\t\t\t\t\t\t\t\t\t\t\t\t\t\t<\/ul>\n\t\t\t\t\t\t<\/div>\n\t\t\t\t\t<\/div>\n\t\t\t\t\t\t\t\t<div class=\"fusion-clearfix\"><\/div><\/div><\/div><\/div><\/div><div class=\"fusion-fullwidth fullwidth-box fusion-builder-row-2 nonhundred-percent-fullwidth non-hundred-percent-height-scrolling\" style=\"--awb-border-radius-top-left:0px;--awb-border-radius-top-right:0px;--awb-border-radius-bottom-right:0px;--awb-border-radius-bottom-left:0px;--awb-margin-top:50px;--awb-margin-bottom:50px;--awb-flex-wrap:wrap;\" ><div class=\"fusion-builder-row fusion-row\"><div class=\"fusion-layout-column fusion_builder_column fusion-builder-column-1 fusion_builder_column_1_1 1_1 fusion-one-full fusion-column-first fusion-column-last\" style=\"--awb-bg-size:cover;\"><div class=\"fusion-column-wrapper fusion-flex-column-wrapper-legacy\"><div class=\"fusion-text fusion-text-1\"><p style=\"text-align: center;\"><strong>Das Testen eines Systems ist kosteng\u00fcnstig und bietet eine besser koordinierte Sicht auf das Zusammenwirken der Komponenten. <\/strong><\/p>\n<p style=\"text-align: center;\">Sicherzustellen, dass das gesamte System und die einzelnen Komponenten ordnungsgem\u00e4\u00df funktionieren, ist ein wichtiger Teil der Produktionsentwicklungsphase. Bei allen von uns durchgef\u00fchrten Tests geht es in erster Linie um die Sicherstellung der Qualit\u00e4t: Erf\u00fcllt das Produkt die Anforderungen der Verbraucher? Beh\u00f6rdenauflagen? Branchenanforderungen? Es gibt oft viele Parameter, die zusammenspielen m\u00fcssen. Neben der Sicherheit geht es bei der Pr\u00fcfung auch um Kosteneinsparungen. Wenn wir ein Problem zu Beginn der Entwicklungs- oder Produktionsphase feststellen, k\u00f6nnen wir es beheben, bevor das Produkt auf den Markt kommt und damit einen eventuellen R\u00fcckruf verhindern.<\/p>\n<p style=\"text-align: center;\">Als unabh\u00e4ngiges und akkreditiertes Pr\u00fcfzentrum pr\u00fcfen wir das Produkt und f\u00fchren eine Qualit\u00e4tssicherung durch, um alle denkbaren Anforderungen unparteiisch und glaubw\u00fcrdig zu erf\u00fcllen. Obwohl wir uns im Laufe der Jahre einen Namen in der Automobilindustrie gemacht haben, f\u00fchren wir Probenahmen f\u00fcr die meisten Branchen durch. Haben Sie ein Produkt, f\u00fcr das Sie eine Qualit\u00e4tssicherung ben\u00f6tigen, nehmen Sie mit uns Kontakt auf und wir werden gemeinsam eine L\u00f6sung finden.<\/p>\n<\/div><div class=\"fusion-clearfix\"><\/div><\/div><\/div><\/div><\/div><div class=\"fusion-fullwidth fullwidth-box fusion-builder-row-3 fusion-parallax-fixed nonhundred-percent-fullwidth non-hundred-percent-height-scrolling\" style=\"--awb-border-radius-top-left:0px;--awb-border-radius-top-right:0px;--awb-border-radius-bottom-right:0px;--awb-border-radius-bottom-left:0px;--awb-padding-top:50px;--awb-background-image:url(&quot;https:\/\/predire-testcenter.com\/wp-content\/uploads\/2018\/08\/bakgrund-komponentsystemtester-1920x800.jpg&quot;);--awb-background-size:cover;--awb-flex-wrap:wrap;background-attachment:fixed;\" ><div class=\"fusion-builder-row fusion-row\"><div class=\"fusion-layout-column fusion_builder_column fusion-builder-column-2 fusion_builder_column_1_1 1_1 fusion-one-full fusion-column-first fusion-column-last\" style=\"--awb-bg-size:cover;\"><div class=\"fusion-column-wrapper fusion-flex-column-wrapper-legacy\"><div class=\"fusion-text fusion-text-2\"><p><strong>System- und Komponentenpr\u00fcfungen<\/strong><\/p>\n<ul>\n<li>Umweltsimulationen\u200b\u200b<\/li>\n<li>Medienbest\u00e4ndigkeit<\/li>\n<li>\u200b\u200b\u200bKlimasimulationen<\/li>\n<li>\u200b\u200b\u200bSonnenlichtsimulationen<\/li>\n<li>\u200b\u200bKorrosionspr\u00fcfung<\/li>\n<li>\u200b\u200bVibrations-, shock- und shakerpr\u00fcfungen<\/li>\n<li>\u200bKlapper &amp; Quietschpr\u00fcfung<\/li>\n<li>\u200bInstrumententafelklassifizierung<\/li>\n<li>\u200bMaterialbeanspruchung<\/li>\n<li>Kraftstoffanlagen Pr\u00fcfungen<\/li>\n<li>\u200bPr\u00fcfungen von beweglichen Komponenten\/Systemen<\/li>\n<li>\u200bKomfortpr\u00fcfung (Kraft\/Drehmoment bei Sitzpr\u00fcfungen)<\/li>\n<li>\u200bAirbagausl\u00f6sungspr\u00fcfungen<\/li>\n<li>\u200bLebensdauerpr\u00fcfungen<\/li>\n<li>\u200b\u200bCrashtests<\/li>\n<li>\u200b\u200bSicherheitspr\u00fcfungen<\/li>\n<li>\u200b\u200bKopfaufpralltests<\/li>\n<li>\u200b\u200bAkkustische Pr\u00fcfungen<\/li>\n<li>\u200b\u200bElektronische Pr\u00fcfungen<\/li>\n<\/ul>\n<p>Einige dieser Tests k\u00f6nnen mit verschiedenen Arten von Klimaauswirkungen kombiniert werden.<\/p>\n<\/div><div class=\"fusion-clearfix\"><\/div><\/div><\/div><\/div><\/div><div class=\"fusion-fullwidth fullwidth-box fusion-builder-row-4 nonhundred-percent-fullwidth non-hundred-percent-height-scrolling\" style=\"--awb-border-radius-top-left:0px;--awb-border-radius-top-right:0px;--awb-border-radius-bottom-right:0px;--awb-border-radius-bottom-left:0px;--awb-flex-wrap:wrap;\" ><div class=\"fusion-builder-row fusion-row\"><div class=\"fusion-layout-column fusion_builder_column fusion-builder-column-3 fusion_builder_column_1_1 1_1 fusion-one-full fusion-column-first fusion-column-last\" style=\"--awb-padding-top:0px;--awb-padding-right:0px;--awb-padding-bottom:0px;--awb-padding-left:0px;--awb-bg-size:cover;--awb-margin-top:-25px;--awb-margin-bottom:0px;\"><div class=\"fusion-column-wrapper fusion-flex-column-wrapper-legacy\"><div class=\"fusion-aligncenter\"><a class=\"fusion-button button-flat fusion-button-default-size button-default fusion-button-default button-1 fusion-button-default-span fusion-button-default-type fusion-animated\" data-animationType=\"slideInUp\" data-animationDuration=\"0.8\" data-animationOffset=\"top-into-view\" target=\"_self\" href=\"https:\/\/predire-testcenter.com\/de\/kontakt\/\"><span class=\"fusion-button-text awb-button__text awb-button__text--default\">Kontaktieren Sie uns<\/span><\/a><\/div><div class=\"fusion-clearfix\"><\/div><\/div><\/div><\/div><\/div><div class=\"fusion-fullwidth fullwidth-box fusion-builder-row-5 nonhundred-percent-fullwidth non-hundred-percent-height-scrolling\" style=\"--awb-border-radius-top-left:0px;--awb-border-radius-top-right:0px;--awb-border-radius-bottom-right:0px;--awb-border-radius-bottom-left:0px;--awb-margin-top:50px;--awb-flex-wrap:wrap;\" ><div class=\"fusion-builder-row fusion-row\"><div class=\"fusion-layout-column fusion_builder_column fusion-builder-column-4 fusion_builder_column_1_1 1_1 fusion-one-full fusion-column-first fusion-column-last\" style=\"--awb-bg-size:cover;\"><div class=\"fusion-column-wrapper fusion-flex-column-wrapper-legacy\"><div class=\"fusion-video fusion-youtube fusion-aligncenter\" style=\"--awb-max-width:1200px;--awb-max-height:675px;--awb-width:100%;\"><div class=\"video-shortcode\"><div class=\"fluid-width-video-wrapper\" style=\"padding-top:56.25%;\" ><iframe title=\"YouTube video player 1\" src=\"https:\/\/www.youtube.com\/embed\/MFVuVJXcwjc?wmode=transparent&autoplay=0\" width=\"1200\" height=\"675\" allowfullscreen allow=\"autoplay; clipboard-write; encrypted-media; gyroscope; picture-in-picture;\"><\/iframe><\/div><\/div><\/div><div class=\"fusion-clearfix\"><\/div><\/div><\/div><\/div><\/div><\/p>\n","protected":false},"excerpt":{"rendered":"","protected":false},"author":1,"featured_media":0,"parent":0,"menu_order":0,"comment_status":"closed","ping_status":"closed","template":"100-width.php","meta":{"footnotes":""},"class_list":["post-6249","page","type-page","status-publish","hentry"],"yoast_head":"<!-- This site is optimized with the Yoast SEO plugin v26.4 - https:\/\/yoast.com\/wordpress\/plugins\/seo\/ -->\n<title>System- und Komponentenpr\u00fcfungen - Predire Testcenter AB - Predire AB<\/title>\n<meta name=\"robots\" content=\"index, follow, max-snippet:-1, max-image-preview:large, max-video-preview:-1\" \/>\n<link rel=\"canonical\" href=\"https:\/\/predire-testcenter.com\/de\/system-und-komponentenprufungen\/\" \/>\n<meta property=\"og:locale\" content=\"de_DE\" \/>\n<meta property=\"og:type\" content=\"article\" \/>\n<meta property=\"og:title\" content=\"System- und Komponentenpr\u00fcfungen - Predire Testcenter AB - Predire AB\" \/>\n<meta property=\"og:url\" content=\"https:\/\/predire-testcenter.com\/de\/system-und-komponentenprufungen\/\" \/>\n<meta property=\"og:site_name\" content=\"Predire Testcenter AB - Predire AB\" \/>\n<meta property=\"article:modified_time\" content=\"2019-07-01T13:50:31+00:00\" \/>\n<meta name=\"twitter:card\" content=\"summary_large_image\" \/>\n<meta name=\"twitter:label1\" content=\"Gesch\u00e4tzte Lesezeit\" \/>\n\t<meta name=\"twitter:data1\" content=\"7\u00a0Minuten\" \/>\n<script type=\"application\/ld+json\" class=\"yoast-schema-graph\">{\"@context\":\"https:\/\/schema.org\",\"@graph\":[{\"@type\":\"WebPage\",\"@id\":\"https:\/\/predire-testcenter.com\/de\/system-und-komponentenprufungen\/\",\"url\":\"https:\/\/predire-testcenter.com\/de\/system-und-komponentenprufungen\/\",\"name\":\"System- und Komponentenpr\u00fcfungen - Predire Testcenter AB - Predire AB\",\"isPartOf\":{\"@id\":\"https:\/\/predire-testcenter.com\/#website\"},\"datePublished\":\"2018-09-30T14:53:54+00:00\",\"dateModified\":\"2019-07-01T13:50:31+00:00\",\"breadcrumb\":{\"@id\":\"https:\/\/predire-testcenter.com\/de\/system-und-komponentenprufungen\/#breadcrumb\"},\"inLanguage\":\"de\",\"potentialAction\":[{\"@type\":\"ReadAction\",\"target\":[\"https:\/\/predire-testcenter.com\/de\/system-und-komponentenprufungen\/\"]}]},{\"@type\":\"BreadcrumbList\",\"@id\":\"https:\/\/predire-testcenter.com\/de\/system-und-komponentenprufungen\/#breadcrumb\",\"itemListElement\":[{\"@type\":\"ListItem\",\"position\":1,\"name\":\"Hem\",\"item\":\"https:\/\/predire-testcenter.com\/de\/\"},{\"@type\":\"ListItem\",\"position\":2,\"name\":\"System- und Komponentenpr\u00fcfungen\"}]},{\"@type\":\"WebSite\",\"@id\":\"https:\/\/predire-testcenter.com\/#website\",\"url\":\"https:\/\/predire-testcenter.com\/\",\"name\":\"Predire Testcenter AB - Predire AB\",\"description\":\"We are an International, Independent and Accredited Test Institute with wide Technical Know-How and Experience within Quality Assurance, Simulations &amp; Testing.\",\"potentialAction\":[{\"@type\":\"SearchAction\",\"target\":{\"@type\":\"EntryPoint\",\"urlTemplate\":\"https:\/\/predire-testcenter.com\/?s={search_term_string}\"},\"query-input\":{\"@type\":\"PropertyValueSpecification\",\"valueRequired\":true,\"valueName\":\"search_term_string\"}}],\"inLanguage\":\"de\"}]}<\/script>\n<!-- \/ Yoast SEO plugin. -->","yoast_head_json":{"title":"System- und Komponentenpr\u00fcfungen - Predire Testcenter AB - Predire AB","robots":{"index":"index","follow":"follow","max-snippet":"max-snippet:-1","max-image-preview":"max-image-preview:large","max-video-preview":"max-video-preview:-1"},"canonical":"https:\/\/predire-testcenter.com\/de\/system-und-komponentenprufungen\/","og_locale":"de_DE","og_type":"article","og_title":"System- und Komponentenpr\u00fcfungen - Predire Testcenter AB - Predire AB","og_url":"https:\/\/predire-testcenter.com\/de\/system-und-komponentenprufungen\/","og_site_name":"Predire Testcenter AB - Predire AB","article_modified_time":"2019-07-01T13:50:31+00:00","twitter_card":"summary_large_image","twitter_misc":{"Gesch\u00e4tzte Lesezeit":"7\u00a0Minuten"},"schema":{"@context":"https:\/\/schema.org","@graph":[{"@type":"WebPage","@id":"https:\/\/predire-testcenter.com\/de\/system-und-komponentenprufungen\/","url":"https:\/\/predire-testcenter.com\/de\/system-und-komponentenprufungen\/","name":"System- und Komponentenpr\u00fcfungen - Predire Testcenter AB - Predire AB","isPartOf":{"@id":"https:\/\/predire-testcenter.com\/#website"},"datePublished":"2018-09-30T14:53:54+00:00","dateModified":"2019-07-01T13:50:31+00:00","breadcrumb":{"@id":"https:\/\/predire-testcenter.com\/de\/system-und-komponentenprufungen\/#breadcrumb"},"inLanguage":"de","potentialAction":[{"@type":"ReadAction","target":["https:\/\/predire-testcenter.com\/de\/system-und-komponentenprufungen\/"]}]},{"@type":"BreadcrumbList","@id":"https:\/\/predire-testcenter.com\/de\/system-und-komponentenprufungen\/#breadcrumb","itemListElement":[{"@type":"ListItem","position":1,"name":"Hem","item":"https:\/\/predire-testcenter.com\/de\/"},{"@type":"ListItem","position":2,"name":"System- und Komponentenpr\u00fcfungen"}]},{"@type":"WebSite","@id":"https:\/\/predire-testcenter.com\/#website","url":"https:\/\/predire-testcenter.com\/","name":"Predire Testcenter AB - Predire AB","description":"We are an International, Independent and Accredited Test Institute with wide Technical Know-How and Experience within Quality Assurance, Simulations &amp; Testing.","potentialAction":[{"@type":"SearchAction","target":{"@type":"EntryPoint","urlTemplate":"https:\/\/predire-testcenter.com\/?s={search_term_string}"},"query-input":{"@type":"PropertyValueSpecification","valueRequired":true,"valueName":"search_term_string"}}],"inLanguage":"de"}]}},"_links":{"self":[{"href":"https:\/\/predire-testcenter.com\/de\/wp-json\/wp\/v2\/pages\/6249","targetHints":{"allow":["GET"]}}],"collection":[{"href":"https:\/\/predire-testcenter.com\/de\/wp-json\/wp\/v2\/pages"}],"about":[{"href":"https:\/\/predire-testcenter.com\/de\/wp-json\/wp\/v2\/types\/page"}],"author":[{"embeddable":true,"href":"https:\/\/predire-testcenter.com\/de\/wp-json\/wp\/v2\/users\/1"}],"replies":[{"embeddable":true,"href":"https:\/\/predire-testcenter.com\/de\/wp-json\/wp\/v2\/comments?post=6249"}],"version-history":[{"count":14,"href":"https:\/\/predire-testcenter.com\/de\/wp-json\/wp\/v2\/pages\/6249\/revisions"}],"predecessor-version":[{"id":6839,"href":"https:\/\/predire-testcenter.com\/de\/wp-json\/wp\/v2\/pages\/6249\/revisions\/6839"}],"wp:attachment":[{"href":"https:\/\/predire-testcenter.com\/de\/wp-json\/wp\/v2\/media?parent=6249"}],"curies":[{"name":"wp","href":"https:\/\/api.w.org\/{rel}","templated":true}]}}